{"id":12132,"date":"2017-12-07T19:59:33","date_gmt":"2017-12-07T19:59:33","guid":{"rendered":"https:\/\/sarmsarmy.wpengine.com\/product\/rad140-for-sale-canada\/"},"modified":"2023-11-23T09:25:10","modified_gmt":"2023-11-23T14:25:10","slug":"rad140-for-sale-canada","status":"publish","type":"product","link":"https:\/\/sarmsarmy.com\/fr\/produit\/rad140-for-sale-canada\/","title":{"rendered":"RAD-140 \/ Testolone \/ SARM pour Bulking"},"content":{"rendered":"\t\t<div data-elementor-type=\"product-post\" data-elementor-id=\"12132\" class=\"elementor elementor-12132 elementor-234\" data-elementor-post-type=\"product\">\n\t\t\t\t\t\t<section class=\"elementor-section elementor-top-section elementor-element elementor-element-673efa96 elementor-section-boxed elementor-section-height-default elementor-section-height-default\" data-id=\"673efa96\" data-element_type=\"section\" data-e-type=\"section\">\n\t\t\t\t\t\t<div class=\"elementor-container elementor-column-gap-default\">\n\t\t\t\t\t<div class=\"elementor-column elementor-col-100 elementor-top-column elementor-element elementor-element-44fecc9\" data-id=\"44fecc9\" data-element_type=\"column\" data-e-type=\"column\">\n\t\t\t<div class=\"elementor-widget-wrap elementor-element-populated\">\n\t\t\t\t\t\t<div class=\"elementor-element elementor-element-53a12d5a elementor-widget elementor-widget-text-editor\" data-id=\"53a12d5a\" data-element_type=\"widget\" data-e-type=\"widget\" data-widget_type=\"text-editor.default\">\n\t\t\t\t<div class=\"elementor-widget-container\">\n\t\t\t\t\t\t\t\t\t<p>Like most other <strong><a href=\"https:\/\/en.wikipedia.org\/wiki\/Selective_androgen_receptor_modulator\" target=\"_blank\" rel=\"noopener noreferrer\">SARMS<\/a><\/strong>, RAD-140 has a strong affinity for the androgen receptor. However, it does not affect the prostate gland in men or cause androgenic symptoms in women; this means it\u2019s pretty safe for everyone. It was originally designed as a treatment for osteoporosis and later found effective against breast cancer.<\/p><p>This SARM creates anabolic processes by targeting androgen receptors in your skeletal muscles, which is exactly what is needed for pure muscle growth. Skeletal muscles are the ones you can willingly control, such as your deltoid, biceps, pects and so on. Mostly, these are the muscles you activate while working out.<\/p><p>Beside the pumps, great strength increase and mass gain, it makes you extremely vascular. It brings even the most hidden veins in your body to life. This is what makes users compare it with Winstrol. It hardens you up, makes you vascular and gives you crazy pumps.<\/p><p>With all the helpful and game-changing benefits it has and almost no side effects, this SARM is the go-to for having enhanced workouts and for those wanting to add a few more pounds of lean muscle mass to their frame. Especially combined with the <a href=\"https:\/\/sarmsarmy.com\/buy\/mk-677-ibutamoren-for-sale\/\">MK-677<\/a>, RAD14o is probably the best and the safest choice on the market.<\/p><p>RAD-140 have greater anabolic effect then testosterone. Elderly men and women who took modest doses for 12 weeks grew 3 pounds of muscle and lost a pound of fat, with no changes to diet or exercise. Cancer patients saw nearly identical results along with a similar timeframe. There were no side effects in either study. A pound of muscle a month is about what you would expect with a solid workout routine \u2013 but the people taking Testolone in these studies weren\u2019t exercising. Combining the two would be even more powerful, in theory. Pretty impressive!<\/p><p>Research studies have shown that RAD-140 has greater anabolic effects than testosterone because it produces more reinforced results without side effects and it\u2019s great for those that need supplemental hormonal therapy. Testolone had also shown to preserve neurons in the brain and have neuroprotective properties as with testosterone and is a great benefit to those with neurodegenerative diseases.\u00a0 Summing everything up RAD-14o is a great SARM for rapid increases in muscle growth, improvements in endurance, and increases overall athletic performance.<\/p><h2>How To Use Testolone (RAD-140)?<\/h2><h4><span style=\"color: #ffffff;\">&#8212;<\/span><\/h4><h3><span style=\"color: #5a6d30;\">Cycle Length<\/span><\/h3><p>Testolone (Rad140) is recommended for use in cycles of 8-12 weeks for men and 6-8 weeks for women. However, the duration may vary based on personal preferences and cycle requirements. Whether you&rsquo;re a man or woman, Testolone can help you achieve your fitness goals.<span style=\"color: #ffffff;\">&#8212;<\/span><\/p><h3><span style=\"color: #5a6d30;\">Optimal Rad 140 Dosage | For Men<\/span><\/h3><p>Are you considering taking RAD-140? If so, it&rsquo;s essential to understand the recommended dosage for maximum effectiveness and safety. Men should take 20-30mg of RAD140 consistently for 8-12 weeks. Ideally, it should be taken 30-40 minutes before workouts and after meals.<\/p><p>By following the suggested dosage guidelines, men can experience the benefits of this powerful performance-enhancing supplement while minimizing any potential side effects. As always, it&rsquo;s important to consult with a healthcare professional before starting any new supplement regimen.<span style=\"color: #ffffff;\">&#8212;<\/span><\/p><h3><span style=\"color: #5a6d30;\">Optimal Rad 140 Dosage | For Women<\/span><\/h3><p>Ladies, maximize your workouts with suggested rad-140 dosage: Take 5-10mg of rad140 daily, approximately 30-40 minutes before exercising and after meals. Consistently use the supplement for six to eight week cycles.<br \/><span style=\"color: #ffffff;\">&#8212;<\/span><\/p><h3><span style=\"color: #5a6d30;\">Item Half Life<\/span><\/h3><p>The half-existence of this SARM is around 20 hours and thusly once a day dosing is fine.<\/p><h4><span style=\"color: #ffffff;\">&#8212;<\/span><\/h4><h3><span style=\"color: #5a6d30;\">Stacking RAD 140<\/span><\/h3><p>Testolone is best stacked with SARMs like Ostarine (MK-2866), LGD-4033 and Ibutamoren (MK-677) for building.<\/p><h4><span style=\"color: #ffffff;\">&#8212;<\/span><\/h4><h3><span style=\"color: #5a6d30;\">Run of the mill Results<\/span><\/h3><p>Testolone clients report improved exercise results\u00a0 It is likewise valuable to hinder the indications of muscle breakdown and harm as RAD-140 improves the creation of testosterone in the body and in this manner helps men in their late 30s and 40s perform better.<\/p><p>Clinical examinations have illustrated (and as affirmed by online surveys about Testolone) that RAD-14o is exceptionally successful to treat degenerative conditions like Alzheimer\u2019s ailment. It is similarly compelling to furnish help to people with androgenic insufficiencies.<\/p><p>People rewarded with Testolone have revealed upgrades in the degrees of sexual turn of events and capacity.<\/p><p>The utilization of Testolone is related by clients with emotional alleviation from muscle squandering or misfortune or muscle tissue, shortcoming, and weariness that makes the whole in any case convoluted procedures of recuperating and recuperation simple and speedy.<\/p><p>Clients can expect sensational fat misfortune and increase 5-15 lbs fit bulk gains in as short as four to about a month and a half.<\/p>\t\t\t\t\t\t\t\t<\/div>\n\t\t\t\t<\/div>\n\t\t\t\t<div class=\"elementor-element elementor-element-d203e9f elementor-widget-divider--view-line elementor-widget elementor-widget-divider\" data-id=\"d203e9f\" data-element_type=\"widget\" data-e-type=\"widget\" data-widget_type=\"divider.default\">\n\t\t\t\t<div class=\"elementor-widget-container\">\n\t\t\t\t\t\t\t<div class=\"elementor-divider\">\n\t\t\t<span class=\"elementor-divider-separator\">\n\t\t\t\t\t\t<\/span>\n\t\t<\/div>\n\t\t\t\t\t\t<\/div>\n\t\t\t\t<\/div>\n\t\t\t\t<div class=\"elementor-element elementor-element-dd97e94 elementor-widget elementor-widget-heading\" data-id=\"dd97e94\" data-element_type=\"widget\" data-e-type=\"widget\" data-widget_type=\"heading.default\">\n\t\t\t\t<div class=\"elementor-widget-container\">\n\t\t\t\t\t<h2 class=\"elementor-heading-title elementor-size-default\">Why Choose Sarms Army for Your RAD140 (Testolone) Needs in Canada.<\/h2>\t\t\t\t<\/div>\n\t\t\t\t<\/div>\n\t\t\t\t<div class=\"elementor-element elementor-element-b17592c elementor-widget elementor-widget-text-editor\" data-id=\"b17592c\" data-element_type=\"widget\" data-e-type=\"widget\" data-widget_type=\"text-editor.default\">\n\t\t\t\t<div class=\"elementor-widget-container\">\n\t\t\t\t\t\t\t\t\t<p>At Sarms Army, we strive to provide our customers with excellent customer service and support.<br \/>Our team of experts are available to answer any questions you may have about our products and services.<br \/>We are here to help you make the right choice when it comes to RAD140 (Testolone), so you can be sure that you are getting the best product for your needs.<br \/><strong><br \/><span style=\"color: #5a6d30;\">Sarms Army | Top Rad140 for sale in Canada<\/span><\/strong><\/p>\t\t\t\t\t\t\t\t<\/div>\n\t\t\t\t<\/div>\n\t\t\t\t\t<\/div>\n\t\t<\/div>\n\t\t\t\t\t<\/div>\n\t\t<\/section>\n\t\t\t\t<\/div>\n\t\t","protected":false},"excerpt":{"rendered":"<h4>Ce que dit la recherche sur le RAD 140 :<\/h4>\n<ul>\n<li>D&rsquo;\u00e9normes am\u00e9liorations de la masse et de la force musculaire.<\/li>\n<li>Am\u00e9lioration de la force osseuse.<\/li>\n<li>Augmentation de la masse corporelle maigre.<\/li>\n<li>Produit des niveaux d&rsquo;endurance et d&rsquo;\u00e9nergie \u00e9lev\u00e9s.<\/li>\n<li>Prot\u00e8ge le cerveau contre les dommages li\u00e9s \u00e0 l&rsquo;\u00e2ge.<\/li>\n<li>Augmente votre taux de testost\u00e9rone.<\/li>\n<li>Diminue le tissu adipeux en augmentant les effets anabolisants musculaires.<\/li>\n<\/ul>\n","protected":false},"featured_media":11490,"comment_status":"open","ping_status":"closed","template":"","meta":{"_acf_changed":false},"product_brand":[],"product_cat":[93],"product_tag":[94,116,100,108,104,96,97,117,118,119,120,122],"class_list":{"0":"post-12132","1":"product","2":"type-product","3":"status-publish","4":"has-post-thumbnail","6":"product_cat-sarms-fr","7":"product_tag-body-recomposition-fr-2","8":"product_tag-canada-sarms-fr-2","9":"product_tag-cut-fr-2","10":"product_tag-force-fr-2","11":"product_tag-mass-fr","12":"product_tag-muscle-building-fr-2","13":"product_tag-muscle-gain-fr","14":"product_tag-rad-140-fr-2","15":"product_tag-rad140-fr-2","16":"product_tag-sarm-canada-fr-2","17":"product_tag-sarms-quebec-fr-2","18":"product_tag-strengh-fr-2","20":"first","21":"instock","22":"sale","23":"taxable","24":"shipping-taxable","25":"purchasable","26":"product-type-simple"},"acf":[],"_links":{"self":[{"href":"https:\/\/sarmsarmy.com\/fr\/wp-json\/wp\/v2\/product\/12132","targetHints":{"allow":["GET"]}}],"collection":[{"href":"https:\/\/sarmsarmy.com\/fr\/wp-json\/wp\/v2\/product"}],"about":[{"href":"https:\/\/sarmsarmy.com\/fr\/wp-json\/wp\/v2\/types\/product"}],"replies":[{"embeddable":true,"href":"https:\/\/sarmsarmy.com\/fr\/wp-json\/wp\/v2\/comments?post=12132"}],"version-history":[{"count":0,"href":"https:\/\/sarmsarmy.com\/fr\/wp-json\/wp\/v2\/product\/12132\/revisions"}],"wp:featuredmedia":[{"embeddable":true,"href":"https:\/\/sarmsarmy.com\/fr\/wp-json\/wp\/v2\/media\/11490"}],"wp:attachment":[{"href":"https:\/\/sarmsarmy.com\/fr\/wp-json\/wp\/v2\/media?parent=12132"}],"wp:term":[{"taxonomy":"product_brand","embeddable":true,"href":"https:\/\/sarmsarmy.com\/fr\/wp-json\/wp\/v2\/product_brand?post=12132"},{"taxonomy":"product_cat","embeddable":true,"href":"https:\/\/sarmsarmy.com\/fr\/wp-json\/wp\/v2\/product_cat?post=12132"},{"taxonomy":"product_tag","embeddable":true,"href":"https:\/\/sarmsarmy.com\/fr\/wp-json\/wp\/v2\/product_tag?post=12132"}],"curies":[{"name":"wp","href":"https:\/\/api.w.org\/{rel}","templated":true}]}}