{"id":12131,"date":"2017-12-07T19:58:03","date_gmt":"2017-12-07T19:58:03","guid":{"rendered":"https:\/\/sarmsarmy.wpengine.com\/product\/ligandrol-lgd-4033-for-sale-canada\/"},"modified":"2023-11-23T09:25:26","modified_gmt":"2023-11-23T14:25:26","slug":"ligandrol-lgd-4033-for-sale-canada","status":"publish","type":"product","link":"https:\/\/sarmsarmy.com\/fr\/produit\/ligandrol-lgd-4033-for-sale-canada\/","title":{"rendered":"LGD-4033 &#8211; LIGANDROL \/ SARM POUR BULKING"},"content":{"rendered":"","protected":false},"excerpt":{"rendered":"<ul>\n<li>Favorise la masse musculaire maigre ainsi que l&rsquo;augmentation de la force musculaire.<\/li>\n<li>Il peut gu\u00e9rir, renforcer et augmenter la masse osseuse.<\/li>\n<li>Stimule le bien-\u00eatre g\u00e9n\u00e9ral.<\/li>\n<\/ul>\n","protected":false},"featured_media":11968,"comment_status":"open","ping_status":"closed","template":"","meta":{"_acf_changed":false},"product_brand":[],"product_cat":[93],"product_tag":[96],"class_list":{"0":"post-12131","1":"product","2":"type-product","3":"status-publish","4":"has-post-thumbnail","6":"product_cat-sarms-fr","7":"product_tag-muscle-building-fr-2","9":"first","10":"instock","11":"sale","12":"taxable","13":"shipping-taxable","14":"purchasable","15":"product-type-simple"},"acf":[],"_links":{"self":[{"href":"https:\/\/sarmsarmy.com\/fr\/wp-json\/wp\/v2\/product\/12131","targetHints":{"allow":["GET"]}}],"collection":[{"href":"https:\/\/sarmsarmy.com\/fr\/wp-json\/wp\/v2\/product"}],"about":[{"href":"https:\/\/sarmsarmy.com\/fr\/wp-json\/wp\/v2\/types\/product"}],"replies":[{"embeddable":true,"href":"https:\/\/sarmsarmy.com\/fr\/wp-json\/wp\/v2\/comments?post=12131"}],"version-history":[{"count":0,"href":"https:\/\/sarmsarmy.com\/fr\/wp-json\/wp\/v2\/product\/12131\/revisions"}],"wp:featuredmedia":[{"embeddable":true,"href":"https:\/\/sarmsarmy.com\/fr\/wp-json\/wp\/v2\/media\/11968"}],"wp:attachment":[{"href":"https:\/\/sarmsarmy.com\/fr\/wp-json\/wp\/v2\/media?parent=12131"}],"wp:term":[{"taxonomy":"product_brand","embeddable":true,"href":"https:\/\/sarmsarmy.com\/fr\/wp-json\/wp\/v2\/product_brand?post=12131"},{"taxonomy":"product_cat","embeddable":true,"href":"https:\/\/sarmsarmy.com\/fr\/wp-json\/wp\/v2\/product_cat?post=12131"},{"taxonomy":"product_tag","embeddable":true,"href":"https:\/\/sarmsarmy.com\/fr\/wp-json\/wp\/v2\/product_tag?post=12131"}],"curies":[{"name":"wp","href":"https:\/\/api.w.org\/{rel}","templated":true}]}}