{"id":12128,"date":"2017-12-07T19:59:45","date_gmt":"2017-12-07T19:59:45","guid":{"rendered":"https:\/\/sarmsarmy.wpengine.com\/product\/ostarine-mk-2866-for-sale-canada\/"},"modified":"2023-11-23T09:24:38","modified_gmt":"2023-11-23T14:24:38","slug":"ostarine-mk-2866-for-sale-canada","status":"publish","type":"product","link":"https:\/\/sarmsarmy.com\/fr\/produit\/ostarine-mk-2866-for-sale-canada\/","title":{"rendered":"OSTARINE \/ MK-2866 \/ SARM"},"content":{"rendered":"<p>Meilleure Ostarine \/ MK-2866 \u00e0 vendre au Canada. Achetez l&rsquo;Ostarine la plus pure sur le march\u00e9. Achetez de l&rsquo;Ostarine du Canada avec Sarms Army. Qualit\u00e9 exceptionnelle.<\/p>\n","protected":false},"excerpt":{"rendered":"<ul>\n<li>Produit des GAINS MUSCULAIRES importants.<\/li>\n<li>Augmente l&rsquo;endurance.<\/li>\n<li>Am\u00e9liore la force naturelle de votre corps.<\/li>\n<li>Contribue \u00e0 une bonne sant\u00e9 globale.<\/li>\n<\/ul>\n","protected":false},"featured_media":11486,"comment_status":"open","ping_status":"closed","template":"","meta":{"_acf_changed":false},"product_brand":[],"product_cat":[99,93],"product_tag":[92,96,109],"class_list":{"0":"post-12128","1":"product","2":"type-product","3":"status-publish","4":"has-post-thumbnail","6":"product_cat-meilleurs-vendeurs","7":"product_cat-sarms-fr","8":"product_tag-fat-burning-fr-fr","9":"product_tag-muscle-building-fr-2","10":"product_tag-recomposition-corporelle-fr","12":"first","13":"instock","14":"sale","15":"taxable","16":"shipping-taxable","17":"purchasable","18":"product-type-simple"},"acf":[],"_links":{"self":[{"href":"https:\/\/sarmsarmy.com\/fr\/wp-json\/wp\/v2\/product\/12128","targetHints":{"allow":["GET"]}}],"collection":[{"href":"https:\/\/sarmsarmy.com\/fr\/wp-json\/wp\/v2\/product"}],"about":[{"href":"https:\/\/sarmsarmy.com\/fr\/wp-json\/wp\/v2\/types\/product"}],"replies":[{"embeddable":true,"href":"https:\/\/sarmsarmy.com\/fr\/wp-json\/wp\/v2\/comments?post=12128"}],"version-history":[{"count":0,"href":"https:\/\/sarmsarmy.com\/fr\/wp-json\/wp\/v2\/product\/12128\/revisions"}],"wp:featuredmedia":[{"embeddable":true,"href":"https:\/\/sarmsarmy.com\/fr\/wp-json\/wp\/v2\/media\/11486"}],"wp:attachment":[{"href":"https:\/\/sarmsarmy.com\/fr\/wp-json\/wp\/v2\/media?parent=12128"}],"wp:term":[{"taxonomy":"product_brand","embeddable":true,"href":"https:\/\/sarmsarmy.com\/fr\/wp-json\/wp\/v2\/product_brand?post=12128"},{"taxonomy":"product_cat","embeddable":true,"href":"https:\/\/sarmsarmy.com\/fr\/wp-json\/wp\/v2\/product_cat?post=12128"},{"taxonomy":"product_tag","embeddable":true,"href":"https:\/\/sarmsarmy.com\/fr\/wp-json\/wp\/v2\/product_tag?post=12128"}],"curies":[{"name":"wp","href":"https:\/\/api.w.org\/{rel}","templated":true}]}}