{"id":12122,"date":"2017-12-07T20:01:08","date_gmt":"2017-12-07T20:01:08","guid":{"rendered":"https:\/\/sarmsarmy.wpengine.com\/product\/mk-677-ibutamoren-for-sale-canada\/"},"modified":"2023-11-23T09:23:08","modified_gmt":"2023-11-23T14:23:08","slug":"mk-677-ibutamoren-for-sale-canada","status":"publish","type":"product","link":"https:\/\/sarmsarmy.com\/fr\/produit\/mk-677-ibutamoren-for-sale-canada\/","title":{"rendered":"MK 677 \/ Ibutamoren SARM"},"content":{"rendered":"","protected":false},"excerpt":{"rendered":"<ul>\n<li>Arr\u00eatez la fonte musculaire m\u00eame pendant le je\u00fbne<\/li>\n<li>Augmente les niveaux d&rsquo;\u00e9nergie<\/li>\n<li>Am\u00e9liore l&rsquo;app\u00e9tit<\/li>\n<li>Acc\u00e9l\u00e9rer la r\u00e9duction de la graisse corporelle<\/li>\n<li>Prouv\u00e9 pour augmenter la masse musculaire<\/li>\n<\/ul>\n","protected":false},"featured_media":11467,"comment_status":"closed","ping_status":"closed","template":"","meta":{"_acf_changed":false},"product_brand":[],"product_cat":[99,93],"product_tag":[96],"class_list":{"0":"post-12122","1":"product","2":"type-product","3":"status-publish","4":"has-post-thumbnail","6":"product_cat-meilleurs-vendeurs","7":"product_cat-sarms-fr","8":"product_tag-muscle-building-fr-2","10":"first","11":"instock","12":"sale","13":"taxable","14":"shipping-taxable","15":"purchasable","16":"product-type-simple"},"acf":[],"_links":{"self":[{"href":"https:\/\/sarmsarmy.com\/fr\/wp-json\/wp\/v2\/product\/12122","targetHints":{"allow":["GET"]}}],"collection":[{"href":"https:\/\/sarmsarmy.com\/fr\/wp-json\/wp\/v2\/product"}],"about":[{"href":"https:\/\/sarmsarmy.com\/fr\/wp-json\/wp\/v2\/types\/product"}],"replies":[{"embeddable":true,"href":"https:\/\/sarmsarmy.com\/fr\/wp-json\/wp\/v2\/comments?post=12122"}],"version-history":[{"count":0,"href":"https:\/\/sarmsarmy.com\/fr\/wp-json\/wp\/v2\/product\/12122\/revisions"}],"wp:featuredmedia":[{"embeddable":true,"href":"https:\/\/sarmsarmy.com\/fr\/wp-json\/wp\/v2\/media\/11467"}],"wp:attachment":[{"href":"https:\/\/sarmsarmy.com\/fr\/wp-json\/wp\/v2\/media?parent=12122"}],"wp:term":[{"taxonomy":"product_brand","embeddable":true,"href":"https:\/\/sarmsarmy.com\/fr\/wp-json\/wp\/v2\/product_brand?post=12122"},{"taxonomy":"product_cat","embeddable":true,"href":"https:\/\/sarmsarmy.com\/fr\/wp-json\/wp\/v2\/product_cat?post=12122"},{"taxonomy":"product_tag","embeddable":true,"href":"https:\/\/sarmsarmy.com\/fr\/wp-json\/wp\/v2\/product_tag?post=12122"}],"curies":[{"name":"wp","href":"https:\/\/api.w.org\/{rel}","templated":true}]}}