{"id":12117,"date":"2017-12-18T18:40:03","date_gmt":"2017-12-18T18:40:03","guid":{"rendered":"https:\/\/sarmsarmy.wpengine.com\/product\/gw-501516-cardarine-for-sale-canada\/"},"modified":"2023-11-23T09:23:56","modified_gmt":"2023-11-23T14:23:56","slug":"gw-501516-cardarine-canada","status":"publish","type":"product","link":"https:\/\/sarmsarmy.com\/fr\/produit\/gw-501516-cardarine-canada\/","title":{"rendered":"GW-501516 \/ CARDARINE \/ SARM pour Cutting"},"content":{"rendered":"<div class=\"q_accordion_holder toggle boxed woocommerce-accordion accordion ui-accordion ui-accordion-icons ui-widget ui-helper-reset\">\n<div class=\"accordion_content ui-accordion-content ui-helper-reset ui-widget-content ui-corner-bottom\">\n<div class=\"accordion_content_inner\">\n<p>Cardarine ou GW-501516 est l&rsquo;un des SARMS les plus populaires. Cardarine de la plus haute qualit\u00e9 \u00e0 vendre au Canada. Achetez GW-501516 de SARMS Army.<\/p>\n<\/div>\n<\/div>\n<\/div>\n","protected":false},"excerpt":{"rendered":"<ul>\n<li><strong>\u00c9NORME augmentation de l&rsquo;endurance<\/strong><\/li>\n<li><strong>Permet aux muscles de travailler plus fort et plus longtemps<\/strong><\/li>\n<li><strong>Br\u00fble les graisses\u00a0<\/strong><\/li>\n<li><strong>Peut aider \u00e0 maintenir le c\u0153ur et les art\u00e8res<\/strong><\/li>\n<li><strong>Offre un meilleur sommeil<\/strong><\/li>\n<\/ul>\n","protected":false},"featured_media":11409,"comment_status":"open","ping_status":"closed","template":"","meta":{"_acf_changed":false},"product_brand":[],"product_cat":[93],"product_tag":[92],"class_list":{"0":"post-12117","1":"product","2":"type-product","3":"status-publish","4":"has-post-thumbnail","6":"product_cat-sarms-fr","7":"product_tag-fat-burning-fr-fr","9":"first","10":"instock","11":"sale","12":"taxable","13":"shipping-taxable","14":"purchasable","15":"product-type-simple"},"acf":[],"_links":{"self":[{"href":"https:\/\/sarmsarmy.com\/fr\/wp-json\/wp\/v2\/product\/12117","targetHints":{"allow":["GET"]}}],"collection":[{"href":"https:\/\/sarmsarmy.com\/fr\/wp-json\/wp\/v2\/product"}],"about":[{"href":"https:\/\/sarmsarmy.com\/fr\/wp-json\/wp\/v2\/types\/product"}],"replies":[{"embeddable":true,"href":"https:\/\/sarmsarmy.com\/fr\/wp-json\/wp\/v2\/comments?post=12117"}],"version-history":[{"count":0,"href":"https:\/\/sarmsarmy.com\/fr\/wp-json\/wp\/v2\/product\/12117\/revisions"}],"wp:featuredmedia":[{"embeddable":true,"href":"https:\/\/sarmsarmy.com\/fr\/wp-json\/wp\/v2\/media\/11409"}],"wp:attachment":[{"href":"https:\/\/sarmsarmy.com\/fr\/wp-json\/wp\/v2\/media?parent=12117"}],"wp:term":[{"taxonomy":"product_brand","embeddable":true,"href":"https:\/\/sarmsarmy.com\/fr\/wp-json\/wp\/v2\/product_brand?post=12117"},{"taxonomy":"product_cat","embeddable":true,"href":"https:\/\/sarmsarmy.com\/fr\/wp-json\/wp\/v2\/product_cat?post=12117"},{"taxonomy":"product_tag","embeddable":true,"href":"https:\/\/sarmsarmy.com\/fr\/wp-json\/wp\/v2\/product_tag?post=12117"}],"curies":[{"name":"wp","href":"https:\/\/api.w.org\/{rel}","templated":true}]}}