{"id":12111,"date":"2019-12-31T20:07:21","date_gmt":"2019-12-31T20:07:21","guid":{"rendered":"https:\/\/sarmsarmy.wpengine.com\/product\/lean-stack\/"},"modified":"2025-06-17T15:45:12","modified_gmt":"2025-06-17T19:45:12","slug":"lean-stack","status":"publish","type":"product","link":"https:\/\/sarmsarmy.com\/fr\/produit\/lean-stack\/","title":{"rendered":"Lean Stack"},"content":{"rendered":"<p>Si vous cherchez \u00e0 augmenter votre endurance, votre force et votre masse musculaire, Lean Stack est le produit qu&rsquo;il vous faut. Lean Stack comprend de l&rsquo;Ostarine, l&rsquo;un des SARM les plus populaires au Canada, et de la Cardarine, un PPAR qui transforme la fa\u00e7on dont votre corps br\u00fble les graisses. L&rsquo;Ostarine a une capacit\u00e9 anabolisante exceptionnelle et aucun des effets secondaires des autres st\u00e9ro\u00efdes anabolisants ou androg\u00e8nes, tandis que la Cardarine convertit les graisses stock\u00e9es en \u00e9nergie pour augmenter l&rsquo;endurance et stimuler le m\u00e9tabolisme. Ensemble, ces compl\u00e9ments vous aideront \u00e0 transformer votre graisse corporelle en muscles maigres, tout en renfor\u00e7ant vos os, vos tendons et vos ligaments, en am\u00e9liorant la sant\u00e9 des articulations et les taux de r\u00e9cup\u00e9ration \u00e0 l&rsquo;entra\u00eenement.<\/p>\n<p>&nbsp;<\/p>\n<h2><span style=\"color: #f20209;\">Ostarine (MK-2866)<\/span><\/h2>\n<h4><strong>Am\u00e9liorer la force, l&rsquo;endurance et la masse musculaire maigre<\/strong><\/h4>\n<p style=\"text-align: justify;\"><strong>MK-2866<\/strong> (Ostarine) est un SARM puissant et efficace qui a la capacit\u00e9 d&rsquo;am\u00e9liorer la force, l&rsquo;endurance et la masse musculaire maigre tout en gu\u00e9rissant plusieurs conditions de sant\u00e9. Le <strong>MK-2866<\/strong> a \u00e9t\u00e9 utilis\u00e9 pour gu\u00e9rir l&rsquo;ost\u00e9oporose et m\u00eame pr\u00e9venir les blessures. L&rsquo;ostarine peut \u00e9galement \u00eatre b\u00e9n\u00e9fique pour les personnes souffrant de maladies cardiaques, qui souffrent souvent de fonte musculaire et de perte de poids. L&rsquo;incroyable polyvalence de ce SARM est \u00e9galement bien connue et appr\u00e9ci\u00e9e par de nombreux halt\u00e9rophiles et par une grande vari\u00e9t\u00e9 d&rsquo;athl\u00e8tes.<\/p>\n<p>&nbsp;<\/p>\n<p style=\"text-align: justify;\">L&rsquo;ostarine peut contribuer \u00e0 stimuler l&rsquo;oxydation des graisses chez l&rsquo;homme. Les utilisateurs en d\u00e9ficit calorique b\u00e9n\u00e9ficieront d&rsquo;une meilleure r\u00e9tention musculaire.<\/p>\n<p>&nbsp;<\/p>\n<p style=\"text-align: justify;\"><strong>MK-2866<\/strong> utilise presque exclusivement ses effets anabolisants sur le tissu musculaire, c&rsquo;est pourquoi il s&rsquo;est av\u00e9r\u00e9 \u00eatre un excellent substitut \u00e0 la testost\u00e9rone parce qu&rsquo;il n&rsquo;a pas d&rsquo;effets secondaires n\u00e9gatifs sur le plan physique et qu&rsquo;il permet non seulement de gagner de la masse musculaire maigre, mais aussi de minimiser l&rsquo;atrophie musculaire et d&rsquo;autres troubles li\u00e9s \u00e0 la fonte musculaire. Le <strong>MK-2866<\/strong> est le plus anabolisant de tous les SARMs, il produit donc des augmentations de la masse musculaire maigre, des augmentations de la force, des augmentations des propri\u00e9t\u00e9s de gu\u00e9rison et am\u00e9liore l&rsquo;endurance.<\/p>\n<p>&nbsp;<\/p>\n<h2><span style=\"color: #f20209;\">Cardarine (GW-501516)<\/span><\/h2>\n<h4><strong>Br\u00fbler plus de calories lors de vos s\u00e9ances d&rsquo;entra\u00eenement<\/strong><\/h4>\n<p style=\"text-align: justify;\">La cardarine<strong>(GW-501516<\/strong>) n&rsquo;est pas un SARM (selective androgen receptor modulator). Il s&rsquo;agit d&rsquo;un r\u00e9cepteur activ\u00e9 par les prolif\u00e9rateurs de peroxysomes (PPAR). Cela signifie que l&rsquo;activit\u00e9 du g\u00e8ne est transform\u00e9e, entra\u00eenant un changement dans la mani\u00e8re dont l&rsquo;\u00e9nergie est produite. La cardarine peut aider \u00e0 utiliser les graisses stock\u00e9es comme source d&rsquo;\u00e9nergie, tout comme l&rsquo;acide amin\u00e9 L-Carnitine, mais de mani\u00e8re beaucoup plus efficace. Ce produit permet d&rsquo;acc\u00e9l\u00e9rer le processus de perte de graisse. Gr\u00e2ce \u00e0 l&rsquo;augmentation de l&rsquo;endurance et des performances, vous br\u00fblerez beaucoup plus de calories lors de vos s\u00e9ances d&rsquo;entra\u00eenement. Il est \u00e9galement connu pour stimuler le m\u00e9tabolisme humain. C&rsquo;est pourquoi de nombreux utilisateurs l&rsquo;ajoutent \u00e0 un cycle de coupe.<\/p>\n<p>&nbsp;<\/p>\n<p style=\"text-align: justify;\">La premi\u00e8re chose que vous observerez est que <strong>GW-501516<\/strong> am\u00e9liore votre endurance. Cela va l&rsquo;am\u00e9liorer consid\u00e9rablement et vous pourrez vous d\u00e9passer beaucoup plus souvent. Il est particuli\u00e8rement efficace lors des s\u00e9ances de cardio ; il vous sera beaucoup plus facile de terminer vos s\u00e9ances d&rsquo;entra\u00eenement. Cet effet dure g\u00e9n\u00e9ralement tout au long du cycle. Le <strong>GW-501516<\/strong> pourrait aider \u00e0 pr\u00e9server la masse musculaire en m\u00eame temps que la coupe.<\/p>\n<p>&nbsp;<\/p>\n<p style=\"text-align: justify;\">Comme ce compos\u00e9 n&rsquo;interf\u00e8re pas avec votre production hormonale naturelle, vous n&rsquo;aurez pas besoin d&rsquo;une th\u00e9rapie post-cycle (PCT). Il n&rsquo;a pas non plus d&rsquo;effets secondaires li\u00e9s aux \u0153strog\u00e8nes. Il s&rsquo;agit l\u00e0 d&rsquo;un avantage consid\u00e9rable par rapport aux autres stimulants de la performance.<\/p>\n<p>&nbsp;<\/p>\n<p style=\"text-align: justify;\">La recherche montre que le <strong>GW-501516<\/strong>, \u00e9galement connu sous le nom de Cardarine, se lie au r\u00e9cepteur PPAR qui, \u00e0 son tour, active la prot\u00e9ine kinase activ\u00e9e par l&rsquo;AMP et stimule l&rsquo;absorption du glucose dans le tissu musculaire squelettique. Dans ce cas, la r\u00e9action entra\u00eene une augmentation rapide de la perte de graisse ainsi qu&rsquo;une augmentation de l&rsquo;expression du g\u00e8ne impliqu\u00e9 dans la d\u00e9pense d&rsquo;\u00e9nergie.<\/p>\n","protected":false},"excerpt":{"rendered":"<h5><span style=\"color: #ff0000;\"><strong>Plan d&rsquo;entra\u00eenement gratuit avec tout achat de stack.<\/strong><\/span><\/h5>\n<h3><strong>\u00c9conomisez 40%<\/strong><\/h3>\n<ul>\n<li>MK-2866<\/li>\n<li>GW-501516<\/li>\n<\/ul>\n","protected":false},"featured_media":11446,"comment_status":"open","ping_status":"closed","template":"","meta":{"_acf_changed":false},"product_brand":[],"product_cat":[99,98],"product_tag":[92,100,101,102],"class_list":{"0":"post-12111","1":"product","2":"type-product","3":"status-publish","4":"has-post-thumbnail","6":"product_cat-meilleurs-vendeurs","7":"product_cat-sarms-stack-fr","8":"product_tag-fat-burning-fr-fr","9":"product_tag-cut-fr-2","10":"product_tag-endurance-fr-2","11":"product_tag-masse-fr","13":"first","14":"instock","15":"sale","16":"taxable","17":"shipping-taxable","18":"purchasable","19":"product-type-simple"},"acf":[],"_links":{"self":[{"href":"https:\/\/sarmsarmy.com\/fr\/wp-json\/wp\/v2\/product\/12111","targetHints":{"allow":["GET"]}}],"collection":[{"href":"https:\/\/sarmsarmy.com\/fr\/wp-json\/wp\/v2\/product"}],"about":[{"href":"https:\/\/sarmsarmy.com\/fr\/wp-json\/wp\/v2\/types\/product"}],"replies":[{"embeddable":true,"href":"https:\/\/sarmsarmy.com\/fr\/wp-json\/wp\/v2\/comments?post=12111"}],"version-history":[{"count":0,"href":"https:\/\/sarmsarmy.com\/fr\/wp-json\/wp\/v2\/product\/12111\/revisions"}],"wp:featuredmedia":[{"embeddable":true,"href":"https:\/\/sarmsarmy.com\/fr\/wp-json\/wp\/v2\/media\/11446"}],"wp:attachment":[{"href":"https:\/\/sarmsarmy.com\/fr\/wp-json\/wp\/v2\/media?parent=12111"}],"wp:term":[{"taxonomy":"product_brand","embeddable":true,"href":"https:\/\/sarmsarmy.com\/fr\/wp-json\/wp\/v2\/product_brand?post=12111"},{"taxonomy":"product_cat","embeddable":true,"href":"https:\/\/sarmsarmy.com\/fr\/wp-json\/wp\/v2\/product_cat?post=12111"},{"taxonomy":"product_tag","embeddable":true,"href":"https:\/\/sarmsarmy.com\/fr\/wp-json\/wp\/v2\/product_tag?post=12111"}],"curies":[{"name":"wp","href":"https:\/\/api.w.org\/{rel}","templated":true}]}}