{"id":12108,"date":"2019-12-31T20:10:27","date_gmt":"2019-12-31T20:10:27","guid":{"rendered":"https:\/\/sarmsarmy.wpengine.com\/product\/fighter-sarms-stack-sarm-canada\/"},"modified":"2025-06-17T15:45:01","modified_gmt":"2025-06-17T19:45:01","slug":"fighter-sarms-stack-sarm-canada","status":"publish","type":"product","link":"https:\/\/sarmsarmy.com\/fr\/produit\/fighter-sarms-stack-sarm-canada\/","title":{"rendered":"Fighter SARMs Stack"},"content":{"rendered":"<p>Le Fighter stack (RAD-140 MK-2866 GW-501516) est id\u00e9al pour les athl\u00e8tes qui cherchent \u00e0 am\u00e9liorer leur masse musculaire, leur endurance et leur force.<\/p>\n","protected":false},"excerpt":{"rendered":"<div class=\"elementor-element elementor-element-d4d7c8e elementor-widget elementor-widget-text-editor\" data-id=\"d4d7c8e\" data-element_type=\"widget\" data-widget_type=\"text-editor.default\">\n<div class=\"elementor-widget-container\">\n<h5><span style=\"color: #ff0000;\"><strong>Plan d&rsquo;entra\u00eenement gratuit avec tout achat de stack.<\/strong><\/span><\/h5>\n<\/div>\n<\/div>\n<h3>\u00c9conomisez 40%<\/h3>\n<ul>\n<li>RAD-140<\/li>\n<li>MK-2866<\/li>\n<li>GW-501516<\/li>\n<\/ul>\n<p>Am\u00e9liore votre force.<\/p>\n<p>Augmente vos muscles.<\/p>\n<p>Am\u00e9liore votre endurance.<\/p>\n","protected":false},"featured_media":11385,"comment_status":"open","ping_status":"closed","template":"","meta":{"_acf_changed":false},"product_brand":[],"product_cat":[98],"product_tag":[100,101,102,109],"class_list":{"0":"post-12108","1":"product","2":"type-product","3":"status-publish","4":"has-post-thumbnail","6":"product_cat-sarms-stack-fr","7":"product_tag-cut-fr-2","8":"product_tag-endurance-fr-2","9":"product_tag-masse-fr","10":"product_tag-recomposition-corporelle-fr","12":"first","13":"instock","14":"sale","15":"taxable","16":"shipping-taxable","17":"purchasable","18":"product-type-simple"},"acf":[],"_links":{"self":[{"href":"https:\/\/sarmsarmy.com\/fr\/wp-json\/wp\/v2\/product\/12108","targetHints":{"allow":["GET"]}}],"collection":[{"href":"https:\/\/sarmsarmy.com\/fr\/wp-json\/wp\/v2\/product"}],"about":[{"href":"https:\/\/sarmsarmy.com\/fr\/wp-json\/wp\/v2\/types\/product"}],"replies":[{"embeddable":true,"href":"https:\/\/sarmsarmy.com\/fr\/wp-json\/wp\/v2\/comments?post=12108"}],"version-history":[{"count":0,"href":"https:\/\/sarmsarmy.com\/fr\/wp-json\/wp\/v2\/product\/12108\/revisions"}],"wp:featuredmedia":[{"embeddable":true,"href":"https:\/\/sarmsarmy.com\/fr\/wp-json\/wp\/v2\/media\/11385"}],"wp:attachment":[{"href":"https:\/\/sarmsarmy.com\/fr\/wp-json\/wp\/v2\/media?parent=12108"}],"wp:term":[{"taxonomy":"product_brand","embeddable":true,"href":"https:\/\/sarmsarmy.com\/fr\/wp-json\/wp\/v2\/product_brand?post=12108"},{"taxonomy":"product_cat","embeddable":true,"href":"https:\/\/sarmsarmy.com\/fr\/wp-json\/wp\/v2\/product_cat?post=12108"},{"taxonomy":"product_tag","embeddable":true,"href":"https:\/\/sarmsarmy.com\/fr\/wp-json\/wp\/v2\/product_tag?post=12108"}],"curies":[{"name":"wp","href":"https:\/\/api.w.org\/{rel}","templated":true}]}}