{"id":12101,"date":"2019-12-31T20:13:26","date_gmt":"2019-12-31T20:13:26","guid":{"rendered":"https:\/\/sarmsarmy.wpengine.com\/product\/mass-stack-bulk\/"},"modified":"2025-06-17T15:44:47","modified_gmt":"2025-06-17T19:44:47","slug":"mass-stack-bulk","status":"publish","type":"product","link":"https:\/\/sarmsarmy.com\/fr\/produit\/mass-stack-bulk\/","title":{"rendered":"Mass Bulking Stack"},"content":{"rendered":"<p>Le stack SARMS de Mass Bulking (MK-2866 RAD-140 LGD-4033) est parfait pour gonfler efficacement vos muscles et ce, en toute s\u00e9curit\u00e9, sans aucun gain de graisse associ\u00e9 ni effets secondaires.<\/p>\n","protected":false},"excerpt":{"rendered":"<h5><span style=\"color: #ff0000;\"><strong>Plan d&rsquo;entra\u00eenement gratuit avec tout achat de stack.<\/strong><\/span><\/h5>\n<h3>\u00c9conomisez 40%<\/h3>\n<ul>\n<li>MK-2866<\/li>\n<li>RAD-140<\/li>\n<li>LGD-4033<\/li>\n<\/ul>\n","protected":false},"featured_media":11373,"comment_status":"open","ping_status":"closed","template":"","meta":{"_acf_changed":false},"product_brand":[],"product_cat":[98],"product_tag":[100,101,102,105],"class_list":{"0":"post-12101","1":"product","2":"type-product","3":"status-publish","4":"has-post-thumbnail","6":"product_cat-sarms-stack-fr","7":"product_tag-cut-fr-2","8":"product_tag-endurance-fr-2","9":"product_tag-masse-fr","10":"product_tag-recuperation-fr","12":"first","13":"instock","14":"sale","15":"taxable","16":"shipping-taxable","17":"purchasable","18":"product-type-simple"},"acf":[],"_links":{"self":[{"href":"https:\/\/sarmsarmy.com\/fr\/wp-json\/wp\/v2\/product\/12101","targetHints":{"allow":["GET"]}}],"collection":[{"href":"https:\/\/sarmsarmy.com\/fr\/wp-json\/wp\/v2\/product"}],"about":[{"href":"https:\/\/sarmsarmy.com\/fr\/wp-json\/wp\/v2\/types\/product"}],"replies":[{"embeddable":true,"href":"https:\/\/sarmsarmy.com\/fr\/wp-json\/wp\/v2\/comments?post=12101"}],"version-history":[{"count":0,"href":"https:\/\/sarmsarmy.com\/fr\/wp-json\/wp\/v2\/product\/12101\/revisions"}],"wp:featuredmedia":[{"embeddable":true,"href":"https:\/\/sarmsarmy.com\/fr\/wp-json\/wp\/v2\/media\/11373"}],"wp:attachment":[{"href":"https:\/\/sarmsarmy.com\/fr\/wp-json\/wp\/v2\/media?parent=12101"}],"wp:term":[{"taxonomy":"product_brand","embeddable":true,"href":"https:\/\/sarmsarmy.com\/fr\/wp-json\/wp\/v2\/product_brand?post=12101"},{"taxonomy":"product_cat","embeddable":true,"href":"https:\/\/sarmsarmy.com\/fr\/wp-json\/wp\/v2\/product_cat?post=12101"},{"taxonomy":"product_tag","embeddable":true,"href":"https:\/\/sarmsarmy.com\/fr\/wp-json\/wp\/v2\/product_tag?post=12101"}],"curies":[{"name":"wp","href":"https:\/\/api.w.org\/{rel}","templated":true}]}}