{"id":12098,"date":"2019-12-31T20:14:58","date_gmt":"2019-12-31T20:14:58","guid":{"rendered":"https:\/\/sarmsarmy.wpengine.com\/product\/cutting-sarms-stack-sarm-canada\/"},"modified":"2025-06-17T15:44:34","modified_gmt":"2025-06-17T19:44:34","slug":"cutting-sarms-stack-sarm-canada","status":"publish","type":"product","link":"https:\/\/sarmsarmy.com\/fr\/produit\/cutting-sarms-stack-sarm-canada\/","title":{"rendered":"Cutting SARMs Stack"},"content":{"rendered":"<p>Le Cutting stack est le produit pour ceux qui souhaitent am\u00e9liorer leurs performances ath\u00e9tiques en coupant le gras et am\u00e9liorer leur sant\u00e9 g\u00e9n\u00e9rale.<\/p>\n","protected":false},"excerpt":{"rendered":"<h5><span style=\"color: #ff0000;\"><strong>Plan d&rsquo;entra\u00eenement gratuit avec tout achat de stack.<\/strong><\/span><\/h5>\n<h3>\u00c9conomisez 40%<\/h3>\n<h3>MK-2866<\/h3>\n<ul>\n<li>Produis une augmentation des muscles.<\/li>\n<li>Augmente l&rsquo;endurance.<\/li>\n<li>Am\u00e9liorer la force naturelle de votre corps.<\/li>\n<li>Contribue \u00e0 une sant\u00e9 globale optimale.<\/li>\n<\/ul>\n<h3>SR-9009<\/h3>\n<ul>\n<li class=\"fa-wm8sn1\">Perte de poids plus facile.<\/li>\n<li class=\"fa-wm8sn1\">Les niveaux de graisse diminuent rapidement.<\/li>\n<li class=\"fa-wm8sn1\">L&rsquo;endurance augmente consid\u00e9rablement.<\/li>\n<li class=\"fa-wm8sn1\">Les temps de r\u00e9cup\u00e9ration augmentent.<\/li>\n<li class=\"fa-wm8sn1\">Les habitudes de sommeil s&rsquo;am\u00e9liorent.<\/li>\n<\/ul>\n<h3>GW-501516<\/h3>\n<ul>\n<li>\u00c9NORME augmentation de l&rsquo;endurance<\/li>\n<li>\u00a0Permet aux muscles de travailler plus fort et plus longtemps<\/li>\n<li>Br\u00fble les graisses<\/li>\n<li>Peut aider \u00e0 maintenir le c\u0153ur et les art\u00e8res<\/li>\n<li>Offre un meilleur sommeil<\/li>\n<\/ul>\n","protected":false},"featured_media":11376,"comment_status":"open","ping_status":"closed","template":"","meta":{"_acf_changed":false},"product_brand":[],"product_cat":[98],"product_tag":[101,106,105,107],"class_list":{"0":"post-12098","1":"product","2":"type-product","3":"status-publish","4":"has-post-thumbnail","6":"product_cat-sarms-stack-fr","7":"product_tag-endurance-fr-2","8":"product_tag-eating-fr-fr","9":"product_tag-recuperation-fr","10":"product_tag-slim-fr-fr","12":"first","13":"instock","14":"sale","15":"taxable","16":"shipping-taxable","17":"purchasable","18":"product-type-simple"},"acf":[],"_links":{"self":[{"href":"https:\/\/sarmsarmy.com\/fr\/wp-json\/wp\/v2\/product\/12098","targetHints":{"allow":["GET"]}}],"collection":[{"href":"https:\/\/sarmsarmy.com\/fr\/wp-json\/wp\/v2\/product"}],"about":[{"href":"https:\/\/sarmsarmy.com\/fr\/wp-json\/wp\/v2\/types\/product"}],"replies":[{"embeddable":true,"href":"https:\/\/sarmsarmy.com\/fr\/wp-json\/wp\/v2\/comments?post=12098"}],"version-history":[{"count":0,"href":"https:\/\/sarmsarmy.com\/fr\/wp-json\/wp\/v2\/product\/12098\/revisions"}],"wp:featuredmedia":[{"embeddable":true,"href":"https:\/\/sarmsarmy.com\/fr\/wp-json\/wp\/v2\/media\/11376"}],"wp:attachment":[{"href":"https:\/\/sarmsarmy.com\/fr\/wp-json\/wp\/v2\/media?parent=12098"}],"wp:term":[{"taxonomy":"product_brand","embeddable":true,"href":"https:\/\/sarmsarmy.com\/fr\/wp-json\/wp\/v2\/product_brand?post=12098"},{"taxonomy":"product_cat","embeddable":true,"href":"https:\/\/sarmsarmy.com\/fr\/wp-json\/wp\/v2\/product_cat?post=12098"},{"taxonomy":"product_tag","embeddable":true,"href":"https:\/\/sarmsarmy.com\/fr\/wp-json\/wp\/v2\/product_tag?post=12098"}],"curies":[{"name":"wp","href":"https:\/\/api.w.org\/{rel}","templated":true}]}}