{"id":12095,"date":"2019-12-31T20:16:37","date_gmt":"2019-12-31T20:16:37","guid":{"rendered":"https:\/\/sarmsarmy.wpengine.com\/product\/legendary-stack\/"},"modified":"2025-06-17T15:44:27","modified_gmt":"2025-06-17T19:44:27","slug":"pile-legendaire","status":"publish","type":"product","link":"https:\/\/sarmsarmy.com\/fr\/produit\/pile-legendaire\/","title":{"rendered":"Legendary Stack"},"content":{"rendered":"<p>Vous voulez vous sentir invincible ? Alors le Legendary Stack est fait pour vous ! Cette puissante combinaison d&rsquo;Ostarine, de Testolone, de Cardarine et de Ligandrol vous aidera \u00e0 am\u00e9liorer votre masse musculaire maigre, votre endurance et vos capacit\u00e9s de gu\u00e9rison, conduisant \u00e0 une force robuste qui garantit que votre bien-\u00eatre physique est bien prot\u00e9g\u00e9. L&rsquo;Ostarine d\u00e9veloppe les muscles maigres tout en soutenant les articulations, la densit\u00e9 osseuse et les temps de r\u00e9cup\u00e9ration ; la Cardarine stimule la perte de graisse et l&rsquo;endurance ; la Testolone encourage la croissance des muscles squelettiques ; et le Ligandrol favorise la force des muscles maigres et la masse osseuse. Cette combinaison peut am\u00e9liorer de mani\u00e8re significative vos performances athl\u00e9tiques tout en vous maintenant dans une forme physique optimale.<\/p>\n<h2><\/h2>\n<h2 class=\"product_title entry-title\"><span style=\"color: #f20209;\">MK-2866\/OSTARINE<\/span><\/h2>\n<p style=\"text-align: justify;\">Notre <em>ostarine sarm<\/em> de qualit\u00e9 pharmaceutique a \u00e9t\u00e9 la pr\u00e9f\u00e9r\u00e9e de nombreux chercheurs aux \u00c9tats-Unis et dans le monde entier. De nombreuses personnes se demandent ce <strong>qu&rsquo;est l&rsquo;ostarine<\/strong>. La recherche a montr\u00e9 que le MK-2866 se lie au r\u00e9cepteur des androg\u00e8nes et a une r\u00e9action s\u00e9lective sur l&rsquo;activit\u00e9 anabolique myo (muscle) et ost\u00e9o (os). En se liant au r\u00e9cepteur des androg\u00e8nes et en l&rsquo;activant, il augmente naturellement l&rsquo;expression des g\u00e8nes et la synth\u00e8se des prot\u00e9ines ; le MK-2866 a donc la capacit\u00e9 d&rsquo;augmenter la croissance musculaire.<\/p>\n<p>&nbsp;<\/p>\n<p style=\"text-align: justify;\">MK-2866 (Ostarine) est un SARM puissant et efficace qui a la capacit\u00e9 d&rsquo;am\u00e9liorer la force, l&rsquo;endurance et la masse musculaire maigre tout en gu\u00e9rissant plusieurs conditions de sant\u00e9. Le MK-2866 a \u00e9t\u00e9 utilis\u00e9 pour soigner l&rsquo;ost\u00e9oporose et m\u00eame pr\u00e9venir les blessures. L&rsquo;ostarine peut \u00e9galement \u00eatre b\u00e9n\u00e9fique pour les personnes souffrant de maladies cardiaques, qui souffrent souvent de fonte musculaire et de perte de poids. L&rsquo;incroyable polyvalence de ce SARM est \u00e9galement bien connue et appr\u00e9ci\u00e9e par de nombreux halt\u00e9rophiles et par une grande vari\u00e9t\u00e9 d&rsquo;athl\u00e8tes.<\/p>\n<p>&nbsp;<\/p>\n<p style=\"text-align: justify;\">Comme il imite la testost\u00e9rone dans les muscles et les os, il a le potentiel de pr\u00e9venir les maladies osseuses. Il est suffisamment polyvalent pour \u00eatre utilis\u00e9 dans les phases de coupe et de gonflement et n&rsquo;a pas d&rsquo;effets secondaires enregistr\u00e9s. Empil\u00e9 avec <strong><br \/>\n<a href=\"https:\/\/sarmsarmy.com\/fr\/produit\/rad140-for-sale-canada\/\">RAD-140<\/a><br \/>\n<\/strong> ou m\u00eame le LGD-4033, si vous faites de l&rsquo;exercice et que vous mangez avec un surplus calorique, ce SARM devient un moyen efficace d&rsquo;atteindre vos objectifs de prise de masse.<\/p>\n<p>&nbsp;<\/p>\n<p style=\"text-align: justify;\">L&rsquo;ostarine peut contribuer \u00e0 stimuler l&rsquo;oxydation des graisses chez l&rsquo;homme. Les utilisateurs en d\u00e9ficit calorique b\u00e9n\u00e9ficieront d&rsquo;une meilleure r\u00e9tention musculaire.<\/p>\n<p>&nbsp;<\/p>\n<h2 class=\"product_title entry-title\"><span style=\"color: #f20209;\">LGD-4033 \/ Ligandrol<\/span><\/h2>\n<p>Sarms Army fournit aux chercheurs du monde entier le ligandrol SARM de la plus haute qualit\u00e9 pour la vente en ligne. La recherche a montr\u00e9 que le Ligandrol , LGD-4033 , est l&rsquo;un des SARM les plus puissants en ce qui concerne la force et la taille parce qu&rsquo;il se lie s\u00e9lectivement aux r\u00e9cepteurs des androg\u00e8nes, cr\u00e9ant une activit\u00e9 anabolisante uniquement dans les os et les muscles, d&rsquo;o\u00f9 ses comparaisons avec les st\u00e9ro\u00efdes sans les effets secondaires.<\/p>\n<p>&nbsp;<\/p>\n<p>Le LGD-4033 s&rsquo;est av\u00e9r\u00e9 \u00eatre une alternative b\u00e9n\u00e9fique \u00e0 la testost\u00e9rone chez les personnes atteintes de cancer et de maladies de d\u00e9t\u00e9rioration musculaire, car il a \u00e9t\u00e9 prouv\u00e9 qu&rsquo;il avait tr\u00e8s peu d&rsquo;effets secondaires. LGD4033 pr\u00e9sente de nombreux avantages, outre l&rsquo;augmentation de la force et de la masse musculaire, il acc\u00e9l\u00e8re le processus de gu\u00e9rison musculaire et il a \u00e9galement \u00e9t\u00e9 prouv\u00e9 qu&rsquo;il r\u00e9duisait la graisse corporelle. Le Ligandrol n&rsquo;a qu&rsquo;un seul effet secondaire, \u00e0 savoir une suppression mineure de la testost\u00e9rone, qui ne dure qu&rsquo;une \u00e0 deux semaines apr\u00e8s l&rsquo;utilisation. Les dosages de LGD-4033 peuvent varier de petits dosages utilis\u00e9s comme agent de coupe \u00e0 des dosages plus \u00e9lev\u00e9s utilis\u00e9s comme agent de gonflement. mk-677<\/p>\n<p>&nbsp;<\/p>\n<p><strong>QU&rsquo;EST-CE QUE LE LIGANDROL LGD-4033 ?<\/strong><br \/>\nAnabolicum\/Ligandrol (LGD-4033), l&rsquo;un des SARM les plus puissants disponibles, est le meilleur de sa cat\u00e9gorie en ce qui concerne l&rsquo;am\u00e9lioration de la masse mince et la remise en question des niveaux de qualit\u00e9. L&rsquo;impact de ce SARM peut aller de l&rsquo;apaisement \u00e9motionnel \u00e0 des changements corporels. Au cours de la phase de construction, les halt\u00e9rophiles peuvent esp\u00e9rer prendre du volume et de la qualit\u00e9 qui peuvent \u00eatre maintenus efficacement et longtemps lorsqu&rsquo;ils sont associ\u00e9s aux bonnes mesures de macronutriments et de calories.<\/p>\n<p>&nbsp;<\/p>\n<p>Le LGD-4033 agit en faisant autorit\u00e9 sur les r\u00e9cepteurs androg\u00e8nes de l&rsquo;organisme dans les tissus osseux et musculaires. Ce SARM est tout aussi puissant pour pr\u00e9venir la fonte musculaire. L&rsquo;anabolicum poss\u00e8de des propri\u00e9t\u00e9s \u00e9tonnantes de fortification et de r\u00e9cup\u00e9ration des os.<\/p>\n<p>&nbsp;<\/p>\n<p>AVANTAGES DE L&rsquo;ANABOLICUM (LGD-4033)<\/p>\n<ul>\n<li>Permet d&rsquo;augmenter le volume de la masse mince.<\/li>\n<li>Pi\u00e8ce de carrosserie am\u00e9lior\u00e9e.<\/li>\n<li>Am\u00e9lioration rapide de la qualit\u00e9.<\/li>\n<li>Aide \u00e0 maintenir les augmentations durement gagn\u00e9es.<\/li>\n<li>Pr\u00e9vient la d\u00e9g\u00e9n\u00e9rescence osseuse.<\/li>\n<li>Totalement adaptable.<\/li>\n<li>Obligation de traiter le manque de testost\u00e9rone.<\/li>\n<li>Il est pr\u00e9f\u00e9rable de connecter le trou entre les cycles.<\/li>\n<li>Ne provoque pas d&rsquo;intoxication du foie.<\/li>\n<li>N&rsquo;a pas d&rsquo;influence sur le taux de cholest\u00e9rol, les reins, la prostate ou la circulation sanguine.<\/li>\n<\/ul>\n<h2><\/h2>\n<h2 class=\"product_title entry-title\"><span style=\"color: #f20209;\">RAD-140\/TESTOLONE<\/span><\/h2>\n<p>Comme la plupart des autres SARMS, le RAD-140 a une forte affinit\u00e9 pour le r\u00e9cepteur des androg\u00e8nes. Cependant, il n&rsquo;affecte pas la prostate chez les hommes et ne provoque pas de sympt\u00f4mes androg\u00e9niques chez les femmes, ce qui signifie qu&rsquo;il est relativement s\u00fbr pour tout le monde. Con\u00e7u \u00e0 l&rsquo;origine comme traitement de l&rsquo;ost\u00e9oporose, il s&rsquo;est ensuite r\u00e9v\u00e9l\u00e9 efficace contre le cancer du sein.<\/p>\n<p>&nbsp;<\/p>\n<p>Ce SARM cr\u00e9e des processus anabolisants en ciblant les r\u00e9cepteurs androg\u00e8nes dans vos muscles squelettiques, ce qui est exactement ce qui est n\u00e9cessaire pour une croissance musculaire pure. Les muscles squelettiques sont ceux que vous pouvez contr\u00f4ler volontairement, comme le delto\u00efde, le biceps, les pectoraux, etc. Il s&rsquo;agit principalement des muscles que vous activez lors de l&rsquo;entra\u00eenement.<\/p>\n<p>&nbsp;<\/p>\n<p>En plus des pompes, de l&rsquo;augmentation de la force et de la prise de masse, il vous rend extr\u00eamement vasculaire. Il donne vie aux veines les plus cach\u00e9es de votre corps. C&rsquo;est ce qui pousse les utilisateurs \u00e0 le comparer au Winstrol. Il vous endurcit, vous rend vasculaire et vous donne des coups de pompe.<\/p>\n<p>&nbsp;<\/p>\n<p>Avec tous les avantages utiles et changeants qu&rsquo;il a et presque aucun effet secondaire, ce SARM est le go-to pour avoir des s\u00e9ances d&rsquo;entra\u00eenement am\u00e9lior\u00e9es et pour ceux qui veulent ajouter quelques livres suppl\u00e9mentaires de masse musculaire maigre \u00e0 leur cadre. Particuli\u00e8rement combin\u00e9 avec le MK677, RAD140 est probablement le meilleur choix et le plus s\u00fbr sur le march\u00e9.<\/p>\n<p>&nbsp;<\/p>\n<p>Les RAD-140 ont un effet anabolisant sup\u00e9rieur \u00e0 celui de la testost\u00e9rone. Des hommes et des femmes \u00e2g\u00e9s qui ont pris des doses modestes de Testolone pendant 12 semaines ont gagn\u00e9 3 livres de muscle et perdu une livre de graisse, sans modification du r\u00e9gime alimentaire ou de l&rsquo;exercice physique. Les patients atteints de cancer ont obtenu des r\u00e9sultats presque identiques dans un d\u00e9lai similaire. Aucune des deux \u00e9tudes n&rsquo;a r\u00e9v\u00e9l\u00e9 d&rsquo;effets secondaires. Un kilo de muscle par mois, c&rsquo;est \u00e0 peu pr\u00e8s ce que l&rsquo;on peut attendre d&rsquo;un programme d&rsquo;entra\u00eenement solide &#8211; mais les personnes qui ont pris de la Testolone dans ces \u00e9tudes ne faisaient pas d&rsquo;exercice. La combinaison des deux serait encore plus puissante, en th\u00e9orie. Impressionnant !<\/p>\n<p>&nbsp;<\/p>\n<p>Des \u00e9tudes ont montr\u00e9 que le RAD-140 a des effets anabolisants plus importants que la testost\u00e9rone car il produit des r\u00e9sultats plus renforc\u00e9s sans effets secondaires et il est id\u00e9al pour ceux qui ont besoin d&rsquo;une th\u00e9rapie hormonale suppl\u00e9mentaire. Le RAD-140 a \u00e9galement montr\u00e9 qu&rsquo;il pr\u00e9servait les neurones dans le cerveau et qu&rsquo;il avait des propri\u00e9t\u00e9s neuroprotectrices, comme la testost\u00e9rone, ce qui est tr\u00e8s b\u00e9n\u00e9fique pour les personnes atteintes de maladies neurod\u00e9g\u00e9n\u00e9ratives. En r\u00e9sum\u00e9, le RAD-140 est un excellent SARM pour augmenter rapidement la croissance musculaire, am\u00e9liorer l&rsquo;endurance et augmenter les performances athl\u00e9tiques en g\u00e9n\u00e9ral.<\/p>\n<p>&nbsp;<\/p>\n<h2 class=\"product_title entry-title\"><span style=\"color: #f20209;\">GW-501516\/CARDARINE<\/span><\/h2>\n<p>Sarms Army propose la meilleure qualit\u00e9 et la meilleure cardarine \u00e0 la vente. L&rsquo;ar\u00f4me de cardarine GW-501516 est l&rsquo;un des ar\u00f4mes les plus populaires aupr\u00e8s des chercheurs.<\/p>\n<p>&nbsp;<\/p>\n<p>La cardarine (GW 501516) n&rsquo;est pas un SARM (selective androgen receptor modulator). Il s&rsquo;agit d&rsquo;un r\u00e9cepteur activ\u00e9 par les prolif\u00e9rateurs de peroxysomes (PPAR). Cela signifie que l&rsquo;activit\u00e9 du g\u00e8ne est transform\u00e9e, entra\u00eenant un changement dans la mani\u00e8re dont l&rsquo;\u00e9nergie est produite.<\/p>\n<p>&nbsp;<\/p>\n<p>La cardarine peut aider \u00e0 utiliser les graisses stock\u00e9es comme source d&rsquo;\u00e9nergie, tout comme l&rsquo;acide amin\u00e9 L-Carnitine, mais de mani\u00e8re beaucoup plus efficace. Ce produit permet d&rsquo;acc\u00e9l\u00e9rer le processus de perte de graisse. Gr\u00e2ce \u00e0 l&rsquo;augmentation de l&rsquo;endurance et des performances, vous br\u00fblerez beaucoup plus de calories lors de vos s\u00e9ances d&rsquo;entra\u00eenement. Il est \u00e9galement connu pour stimuler le m\u00e9tabolisme humain. C&rsquo;est pourquoi de nombreux utilisateurs l&rsquo;ajoutent \u00e0 un cycle de coupe.<\/p>\n<p>&nbsp;<\/p>\n<p>La premi\u00e8re chose que vous observerez, c&rsquo;est que GW 501516 am\u00e9liore votre endurance. Cela va l&rsquo;am\u00e9liorer consid\u00e9rablement et vous pourrez vous d\u00e9passer beaucoup plus souvent. Il est particuli\u00e8rement efficace lors des s\u00e9ances de cardio ; il vous sera beaucoup plus facile de terminer vos s\u00e9ances d&rsquo;entra\u00eenement. Cet effet dure g\u00e9n\u00e9ralement tout au long du cycle.<\/p>\n<p>&nbsp;<\/p>\n<p>GW 501516 pourrait aider \u00e0 pr\u00e9server la masse musculaire en m\u00eame temps que la coupe. Le fait de l&rsquo;associer au RAD 140 et au MK 677 permet d&rsquo;\u00e9viter la perte de masse musculaire et peut renforcer tous les avantages. Si la perte de graisse est votre seul objectif principal, la combinaison avec l&rsquo;Andarine (S4) et l&rsquo;Ostarine (MK 2866) est sans aucun doute l&rsquo;option optimale.<\/p>\n<p>&nbsp;<\/p>\n<p>Comme ce compos\u00e9 n&rsquo;interf\u00e8re pas avec votre production hormonale naturelle, vous n&rsquo;aurez pas besoin d&rsquo;une th\u00e9rapie post-cycle (PCT). Il n&rsquo;a pas non plus d&rsquo;effets secondaires li\u00e9s aux \u0153strog\u00e8nes. Il s&rsquo;agit l\u00e0 d&rsquo;un avantage consid\u00e9rable par rapport aux autres stimulants de la performance.<\/p>\n<p>&nbsp;<\/p>\n<p>La recherche montre que le GW-501516, \u00e9galement connu sous le nom de Cardarine, se lie au r\u00e9cepteur PPAR qui, \u00e0 son tour, active la prot\u00e9ine kinase activ\u00e9e par l&rsquo;AMP et stimule l&rsquo;absorption du glucose dans le tissu musculaire squelettique. Dans ce cas, la r\u00e9action entra\u00eene une augmentation rapide de la perte de graisse ainsi qu&rsquo;une augmentation de l&rsquo;expression du g\u00e8ne impliqu\u00e9 dans la d\u00e9pense d&rsquo;\u00e9nergie.<\/p>\n<p>&nbsp;<\/p>\n<p>Par cons\u00e9quent, la prise de la premi\u00e8re dose de GW-501516 augmentera l&rsquo;\u00e9nergie globale de l&rsquo;utilisateur. Un autre avantage du GW-501516 est qu&rsquo;il est non catabolique, ce qui permet \u00e0 l&rsquo;utilisateur de perdre de la graisse sans sacrifier la perte de muscle. Le GW-501516 contribue \u00e0 la sant\u00e9 globale en stimulant les voies impliqu\u00e9es dans l&rsquo;exercice physique. Des \u00e9tudes ont \u00e9galement montr\u00e9 qu&rsquo;il augmentait consid\u00e9rablement le taux de HDL (bon cholest\u00e9rol) et diminuait le taux de LDL (mauvais cholest\u00e9rol). Des \u00e9tudes ont montr\u00e9 que le GW-501516 am\u00e9liorait consid\u00e9rablement l&rsquo;endurance en augmentant la VO2MAX, ce qui permet d&rsquo;obtenir un rendement maximal pendant l&rsquo;exercice. En raison de son augmentation de l&rsquo;\u00e9nergie et de l&rsquo;endurance, le GW-501516 est un SARM dont il a \u00e9t\u00e9 d\u00e9montr\u00e9 qu&rsquo;il donne \u00e0 l&rsquo;utilisateur plus de puissance pour la force et qu&rsquo;il augmente radicalement le potentiel athl\u00e9tique, ce qui serait autrement inaccessible. Best Cardarine SARM For Sale in Canada. Sarms Army est le fournisseur de SARM Cardarine le plus pur et le plus fiable au Canada.<\/p>\n","protected":false},"excerpt":{"rendered":"<h5><span style=\"color: #ff0000;\"><strong>Plan d&rsquo;entra\u00eenement gratuit avec tout achat de stack.<\/strong><\/span><\/h5>\n<h3>\u00c9CONOMISE 40 %<\/h3>\n<ul>\n<li>MK-2866<\/li>\n<li>LGD-4033<\/li>\n<li>RAD-140<\/li>\n<li>GW-501516<\/li>\n<\/ul>\n","protected":false},"featured_media":11369,"comment_status":"open","ping_status":"closed","template":"","meta":{"_acf_changed":false},"product_brand":[],"product_cat":[98],"product_tag":[101,102,105],"class_list":{"0":"post-12095","1":"product","2":"type-product","3":"status-publish","4":"has-post-thumbnail","6":"product_cat-sarms-stack-fr","7":"product_tag-endurance-fr-2","8":"product_tag-masse-fr","9":"product_tag-recuperation-fr","11":"first","12":"instock","13":"sale","14":"taxable","15":"shipping-taxable","16":"purchasable","17":"product-type-simple"},"acf":[],"_links":{"self":[{"href":"https:\/\/sarmsarmy.com\/fr\/wp-json\/wp\/v2\/product\/12095","targetHints":{"allow":["GET"]}}],"collection":[{"href":"https:\/\/sarmsarmy.com\/fr\/wp-json\/wp\/v2\/product"}],"about":[{"href":"https:\/\/sarmsarmy.com\/fr\/wp-json\/wp\/v2\/types\/product"}],"replies":[{"embeddable":true,"href":"https:\/\/sarmsarmy.com\/fr\/wp-json\/wp\/v2\/comments?post=12095"}],"version-history":[{"count":0,"href":"https:\/\/sarmsarmy.com\/fr\/wp-json\/wp\/v2\/product\/12095\/revisions"}],"wp:featuredmedia":[{"embeddable":true,"href":"https:\/\/sarmsarmy.com\/fr\/wp-json\/wp\/v2\/media\/11369"}],"wp:attachment":[{"href":"https:\/\/sarmsarmy.com\/fr\/wp-json\/wp\/v2\/media?parent=12095"}],"wp:term":[{"taxonomy":"product_brand","embeddable":true,"href":"https:\/\/sarmsarmy.com\/fr\/wp-json\/wp\/v2\/product_brand?post=12095"},{"taxonomy":"product_cat","embeddable":true,"href":"https:\/\/sarmsarmy.com\/fr\/wp-json\/wp\/v2\/product_cat?post=12095"},{"taxonomy":"product_tag","embeddable":true,"href":"https:\/\/sarmsarmy.com\/fr\/wp-json\/wp\/v2\/product_tag?post=12095"}],"curies":[{"name":"wp","href":"https:\/\/api.w.org\/{rel}","templated":true}]}}