{"id":11481,"date":"2017-12-07T20:00:57","date_gmt":"2017-12-07T20:00:57","guid":{"rendered":"https:\/\/sarmsarmy.wpengine.com\/product\/s4\/"},"modified":"2023-11-23T09:22:49","modified_gmt":"2023-11-23T14:22:49","slug":"s4","status":"publish","type":"product","link":"https:\/\/sarmsarmy.com\/fr\/produit\/s4\/","title":{"rendered":"ACHETEZ S4 | MEILLEUR S-4 SARM | SARM S-4 CANADA"},"content":{"rendered":"<p>Le S4 SARM (Andarine) est utilis\u00e9 pour \u00e0 peu pr\u00e8s tout. Couper, grouper ou r\u00e9cup\u00e9rer n&rsquo;est pas un probl\u00e8me avec celui-ci. Il a \u00e9t\u00e9 cr\u00e9\u00e9 pour le traitement de l&rsquo;ost\u00e9oporose et des maladies d\u00e9g\u00e9n\u00e9ratives comme les dystrophies musculaires.<\/p>\n<p>&nbsp;<\/p>\n<p>Pendant une coupe, vous pouvez vous attendre \u00e0 ce qu&rsquo;elle vous aide \u00e0 vous resserrer et \u00e0 gagner en vascularisation. En raison de ses propri\u00e9t\u00e9s anabolisantes, il est connu pour augmenter la force et la masse m\u00eame si vous consommez moins de calories que d&rsquo;habitude. \u00c0 moins que vous ne mangiez constamment de la malbouffe et que vous ne vous entra\u00eeniez pas, vous n&rsquo;obtiendrez aucune r\u00e9tention d&rsquo;eau ou ballonnement pendant une phase de gain de masse.<\/p>\n<p>&nbsp;<\/p>\n<p>Andarine doit \u00eatre administr\u00e9 plusieurs fois par jour car il n&rsquo;a qu&rsquo;une demi-vie de 3 \u00e0 4 heures. Cela ne vous fera jamais exp\u00e9rimenter l&rsquo;aromatisation (le processus de transformation de la testost\u00e9rone en \u0153strog\u00e8ne). Cela \u00e9limine le risque d&rsquo;effets secondaires \u0153strog\u00e9niques comme la perte de cheveux, la r\u00e9tention d&rsquo;eau et la gyn\u00e9comastie.<\/p>\n<p>&nbsp;<\/p>\n<p>Le S4 appartient \u00e0 l&rsquo;un des SARM les plus puissants disponibles. L&#8217;empiler semble \u00eatre tr\u00e8s efficace pour am\u00e9liorer les r\u00e9sultats, en particulier avec le GW-501516 et le MK-2866.<\/p>\n","protected":false},"excerpt":{"rendered":"<p>Ce puissant SARM est utile pour:<\/p>\n<ul>\n<li>Meilleur r\u00e9cup\u00e9ration;<\/li>\n<li>Pr\u00e9vention des dystrophies musculaires;<\/li>\n<li>Vous rend plus vasculaire, aide \u00e0 obtenir un look plus d\u00e9fini;<\/li>\n<li>\u00c9limine le risque d\u2019effets secondaires \u0153strog\u00e9niques et de r\u00e9tention d\u2019eau;<\/li>\n<li>Aide \u00e0 gagner de la masse musculaire m\u00eame gr\u00e2ce \u00e0 un r\u00e9gime \u00e0 d\u00e9ficit calorique.<\/li>\n<\/ul>\n","protected":false},"featured_media":11479,"comment_status":"open","ping_status":"closed","template":"","meta":{"_acf_changed":false},"product_brand":[],"product_cat":[93],"product_tag":[94,95,96,97],"class_list":{"0":"post-11481","1":"product","2":"type-product","3":"status-publish","4":"has-post-thumbnail","6":"product_cat-sarms-fr","7":"product_tag-body-recomposition-fr-2","8":"product_tag-cutting-fr-2","9":"product_tag-muscle-building-fr-2","10":"product_tag-muscle-gain-fr","12":"first","13":"outofstock","14":"sale","15":"taxable","16":"shipping-taxable","17":"purchasable","18":"product-type-simple"},"acf":[],"_links":{"self":[{"href":"https:\/\/sarmsarmy.com\/fr\/wp-json\/wp\/v2\/product\/11481","targetHints":{"allow":["GET"]}}],"collection":[{"href":"https:\/\/sarmsarmy.com\/fr\/wp-json\/wp\/v2\/product"}],"about":[{"href":"https:\/\/sarmsarmy.com\/fr\/wp-json\/wp\/v2\/types\/product"}],"replies":[{"embeddable":true,"href":"https:\/\/sarmsarmy.com\/fr\/wp-json\/wp\/v2\/comments?post=11481"}],"version-history":[{"count":0,"href":"https:\/\/sarmsarmy.com\/fr\/wp-json\/wp\/v2\/product\/11481\/revisions"}],"wp:featuredmedia":[{"embeddable":true,"href":"https:\/\/sarmsarmy.com\/fr\/wp-json\/wp\/v2\/media\/11479"}],"wp:attachment":[{"href":"https:\/\/sarmsarmy.com\/fr\/wp-json\/wp\/v2\/media?parent=11481"}],"wp:term":[{"taxonomy":"product_brand","embeddable":true,"href":"https:\/\/sarmsarmy.com\/fr\/wp-json\/wp\/v2\/product_brand?post=11481"},{"taxonomy":"product_cat","embeddable":true,"href":"https:\/\/sarmsarmy.com\/fr\/wp-json\/wp\/v2\/product_cat?post=11481"},{"taxonomy":"product_tag","embeddable":true,"href":"https:\/\/sarmsarmy.com\/fr\/wp-json\/wp\/v2\/product_tag?post=11481"}],"curies":[{"name":"wp","href":"https:\/\/api.w.org\/{rel}","templated":true}]}}