{"id":11450,"date":"2017-12-18T18:37:24","date_gmt":"2017-12-18T18:37:24","guid":{"rendered":"https:\/\/sarmsarmy.wpengine.com\/product\/sarms-canada-sr9009-2\/"},"modified":"2023-11-23T09:23:23","modified_gmt":"2023-11-23T14:23:23","slug":"sarms-canada-sr9009-2","status":"publish","type":"product","link":"https:\/\/sarmsarmy.com\/fr\/produit\/sarms-canada-sr9009-2\/","title":{"rendered":"SR-9009 \/ Stenabolic \/ SARM pour cutting"},"content":{"rendered":"<p class=\"p1\">SR 9009 influence le m\u00e9tabolisme du glucose dans le foie. Il en r\u00e9sulte que plus de glucose est absorb\u00e9 dans le muscle squelettique au lieu d&rsquo;\u00eatre stock\u00e9 sous forme de graisse. Ce SARM a \u00e9t\u00e9 utilis\u00e9 pour traiter le diab\u00e8te de type II et l&rsquo;ob\u00e9sit\u00e9.<\/p>\n<p>&nbsp;<\/p>\n<p class=\"p1\">Il a \u00e9galement la capacit\u00e9 de faire r\u00e9agir votre corps comme s&rsquo;il \u00e9tait dans un \u00e9tat d&rsquo;exercice constant, augmentant le taux m\u00e9tabolique basal. M\u00eame sans vous engager dans un exercice, votre m\u00e9tabolisme restera \u00e9lev\u00e9 pendant que vous utilisez le SR 9009. C&rsquo;est une fa\u00e7on incroyable de pr\u00e9server passivement ou d&rsquo;atteindre un \u00e9tat de faible masse grasse. De plus, contrastant avec la plupart des br\u00fbleurs de graisse du march\u00e9, le SR 9009 maintiendra votre m\u00e9tabolisme \u00e9lev\u00e9 sans n\u00e9cessairement affecter votre syst\u00e8me nerveux central.<\/p>\n<p>&nbsp;<\/p>\n<p class=\"p1\">La bonne chose \u00e0 propos des propri\u00e9t\u00e9s de perte de graisse du SR 9009 est que le suppl\u00e9ment vous aide non seulement \u00e0 perdre du poids efficacement, mais aussi \u00e0 maintenir la masse musculaire de votre corps. Il a \u00e9t\u00e9 d\u00e9montr\u00e9 que SR 9009 augmente la masse musculaire maigre. Comme le suppl\u00e9ment vous donne de l&rsquo;endurance, vous commencez \u00e0 acqu\u00e9rir la capacit\u00e9 de supporter des entra\u00eenements plus intenses. L&rsquo;hypertrophie musculaire r\u00e9sulte du fait de devenir plus fort et d&rsquo;avoir une endurance accrue pendant les s\u00e9ances d&rsquo;entra\u00eenement. Pour am\u00e9liorer les avantages de ce SARM, nous vous recommandons de le superposer avec le MK 677 avec le GW 501516.<\/p>\n","protected":false},"excerpt":{"rendered":"<p>Dans l&rsquo;ensemble, SR-9009 est surtout utile pour:<\/p>\n<ul>\n<li>Traitement de l&rsquo;ob\u00e9sit\u00e9;<\/li>\n<li>Traitement du diab\u00e8te de type II;<\/li>\n<li>Activation efficace du m\u00e9tabolisme;<\/li>\n<li>Id\u00e9al pour les phases de coupe;<\/li>\n<li>L&rsquo;am\u00e9lioration des performances qu&rsquo;il fournit pour aider \u00e0 faire des gains musculaires.<\/li>\n<\/ul>\n","protected":false},"featured_media":11463,"comment_status":"open","ping_status":"closed","template":"","meta":{"_acf_changed":false},"product_brand":[],"product_cat":[93],"product_tag":[92],"class_list":{"0":"post-11450","1":"product","2":"type-product","3":"status-publish","4":"has-post-thumbnail","6":"product_cat-sarms-fr","7":"product_tag-fat-burning-fr-fr","9":"first","10":"instock","11":"sale","12":"taxable","13":"shipping-taxable","14":"purchasable","15":"product-type-simple"},"acf":[],"_links":{"self":[{"href":"https:\/\/sarmsarmy.com\/fr\/wp-json\/wp\/v2\/product\/11450","targetHints":{"allow":["GET"]}}],"collection":[{"href":"https:\/\/sarmsarmy.com\/fr\/wp-json\/wp\/v2\/product"}],"about":[{"href":"https:\/\/sarmsarmy.com\/fr\/wp-json\/wp\/v2\/types\/product"}],"replies":[{"embeddable":true,"href":"https:\/\/sarmsarmy.com\/fr\/wp-json\/wp\/v2\/comments?post=11450"}],"version-history":[{"count":0,"href":"https:\/\/sarmsarmy.com\/fr\/wp-json\/wp\/v2\/product\/11450\/revisions"}],"wp:featuredmedia":[{"embeddable":true,"href":"https:\/\/sarmsarmy.com\/fr\/wp-json\/wp\/v2\/media\/11463"}],"wp:attachment":[{"href":"https:\/\/sarmsarmy.com\/fr\/wp-json\/wp\/v2\/media?parent=11450"}],"wp:term":[{"taxonomy":"product_brand","embeddable":true,"href":"https:\/\/sarmsarmy.com\/fr\/wp-json\/wp\/v2\/product_brand?post=11450"},{"taxonomy":"product_cat","embeddable":true,"href":"https:\/\/sarmsarmy.com\/fr\/wp-json\/wp\/v2\/product_cat?post=11450"},{"taxonomy":"product_tag","embeddable":true,"href":"https:\/\/sarmsarmy.com\/fr\/wp-json\/wp\/v2\/product_tag?post=11450"}],"curies":[{"name":"wp","href":"https:\/\/api.w.org\/{rel}","templated":true}]}}