{"id":12137,"date":"2021-05-06T16:24:21","date_gmt":"2021-05-06T16:24:21","guid":{"rendered":"https:\/\/sarmsarmy.wpengine.com\/sarms\/"},"modified":"2025-06-17T15:39:55","modified_gmt":"2025-06-17T19:39:55","slug":"sarms","status":"publish","type":"page","link":"https:\/\/sarmsarmy.com\/fr\/sarms\/","title":{"rendered":"Meilleurs Sarms au Canada"},"content":{"rendered":"\t\t<div data-elementor-type=\"wp-page\" data-elementor-id=\"12137\" class=\"elementor elementor-12137\" data-elementor-post-type=\"page\">\n\t\t\t\t\t\t<section class=\"elementor-section elementor-top-section elementor-element elementor-element-9801fb2 elementor-section-boxed elementor-section-height-default elementor-section-height-default\" data-id=\"9801fb2\" data-element_type=\"section\" data-e-type=\"section\">\n\t\t\t\t\t\t<div class=\"elementor-container elementor-column-gap-default\">\n\t\t\t\t\t<div class=\"elementor-column elementor-col-100 elementor-top-column elementor-element elementor-element-315c4e8\" data-id=\"315c4e8\" data-element_type=\"column\" data-e-type=\"column\">\n\t\t\t<div class=\"elementor-widget-wrap elementor-element-populated\">\n\t\t\t\t\t\t<div class=\"elementor-element elementor-element-e7aa049 elementor-widget elementor-widget-heading\" data-id=\"e7aa049\" data-element_type=\"widget\" data-e-type=\"widget\" data-widget_type=\"heading.default\">\n\t\t\t\t<div class=\"elementor-widget-container\">\n\t\t\t\t\t<h1 class=\"elementor-heading-title elementor-size-default\">Achetez les meilleurs Sarms au Canada<\/h1>\t\t\t\t<\/div>\n\t\t\t\t<\/div>\n\t\t\t\t<div class=\"elementor-element elementor-element-a16fcee elementor-widget elementor-widget-text-editor\" data-id=\"a16fcee\" data-element_type=\"widget\" data-e-type=\"widget\" data-widget_type=\"text-editor.default\">\n\t\t\t\t<div class=\"elementor-widget-container\">\n\t\t\t\t\t\t\t\t\t<h4 style=\"text-align: center;\"><span style=\"color: #000000;\">Vous cherchez les meilleurs r\u00e9sultats possibles? Magasinez notre s\u00e9lection de Sarms Stacks bas\u00e9s sur vos objectifs. <\/span><\/h4><h4 style=\"text-align: center;\"><span style=\"color: #000000;\"><span style=\"color: #ff0000;\">\u00c9conomisez 40% sur n&rsquo;importe quel stack!<\/span><\/span><\/h4><h4 style=\"text-align: center;\"><span style=\"color: #000000;\"><span style=\"color: #ff0000;\"><span style=\"text-decoration: underline;\"><a href=\"https:\/\/sarmsarmy.com\/fr\/categorie-produit\/sarms-stack-fr\/\">Visitez notre page de Stacks.<\/a><\/span><\/span><\/span><\/h4>\t\t\t\t\t\t\t\t<\/div>\n\t\t\t\t<\/div>\n\t\t\t\t<div class=\"elementor-element elementor-element-30763b7 elementor-widget elementor-widget-text-editor\" data-id=\"30763b7\" data-element_type=\"widget\" data-e-type=\"widget\" data-widget_type=\"text-editor.default\">\n\t\t\t\t<div class=\"elementor-widget-container\">\n\t\t\t\t\t\t\t\t\t<h4 style=\"text-align: center;\"><span style=\"color: #000000;\">\u00a0Vous pouvez \u00e9galement cr\u00e9er votre propre stack!\u00a0<\/span><\/h4><h4 style=\"text-align: center;\"><strong><span style=\"color: #ff0000;\">Obtenez 40% de rabais au paiement lorsque vous achetez 3 bouteilles ou plus\u00a0<\/span><\/strong><\/h4><h4 style=\"text-align: center;\"><strong><span style=\"color: #ff0000;\">+ Plan d&rsquo;entrainement GRATUIT!\u00a0<\/span><\/strong><\/h4><h4 style=\"text-align: center;\"><span style=\"color: #000000;\">\ud83d\udca1<\/span><span style=\"color: #000000;\">\ud83d\udca1<\/span><span style=\"color: #000000;\">\ud83d\udca1Payez par Etransfer<\/span><span style=\"color: #000000;\">\ud83d\udca1<\/span><span style=\"color: #000000;\">\ud83d\udca1<\/span><span style=\"color: #000000;\">\ud83d\udca1<\/span><\/h4>\t\t\t\t\t\t\t\t<\/div>\n\t\t\t\t<\/div>\n\t\t\t\t\t<\/div>\n\t\t<\/div>\n\t\t\t\t\t<\/div>\n\t\t<\/section>\n\t\t\t\t<section class=\"elementor-section elementor-top-section elementor-element elementor-element-7797119 elementor-section-boxed elementor-section-height-default elementor-section-height-default\" data-id=\"7797119\" data-element_type=\"section\" data-e-type=\"section\">\n\t\t\t\t\t\t<div class=\"elementor-container elementor-column-gap-default\">\n\t\t\t\t\t<div class=\"elementor-column elementor-col-100 elementor-top-column elementor-element elementor-element-6737c31\" data-id=\"6737c31\" data-element_type=\"column\" data-e-type=\"column\">\n\t\t\t<div class=\"elementor-widget-wrap elementor-element-populated\">\n\t\t\t\t\t\t<div class=\"elementor-element elementor-element-cf6113b elementor-product-loop-item--align-center elementor-grid-mobile-1 elementor-grid-4 elementor-grid-tablet-3 elementor-products-grid elementor-wc-products elementor-widget elementor-widget-woocommerce-products\" data-id=\"cf6113b\" data-element_type=\"widget\" data-e-type=\"widget\" data-widget_type=\"woocommerce-products.default\">\n\t\t\t\t<div class=\"elementor-widget-container\">\n\t\t\t\t\t<div class=\"woocommerce columns-4 \"><ul class=\"products elementor-grid columns-4\">\n<li class=\"product type-product post-11450 status-publish first instock product_cat-sarms-fr product_tag-fat-burning-fr-fr has-post-thumbnail sale taxable shipping-taxable purchasable product-type-simple\">\n\t<a href=\"https:\/\/sarmsarmy.com\/fr\/produit\/sarms-canada-sr9009-2\/\" class=\"woocommerce-LoopProduct-link woocommerce-loop-product__link\">\n\t<span class=\"onsale\">Promo!<\/span>\n\t<img decoding=\"async\" width=\"1000\" height=\"1000\" src=\"https:\/\/sarmsarmy.com\/wp-content\/uploads\/2017\/12\/sr-9009.jpeg\" class=\"attachment-woocommerce_thumbnail size-woocommerce_thumbnail\" alt=\"Buy Sarms Canada | Sarms For Sale\" srcset=\"https:\/\/sarmsarmy.com\/wp-content\/uploads\/2017\/12\/sr-9009.jpeg 1000w, https:\/\/sarmsarmy.com\/wp-content\/uploads\/2017\/12\/sr-9009-100x100.jpeg 100w, https:\/\/sarmsarmy.com\/wp-content\/uploads\/2017\/12\/sr-9009-400x400.jpeg 400w, https:\/\/sarmsarmy.com\/wp-content\/uploads\/2017\/12\/sr-9009-300x300.jpeg 300w, https:\/\/sarmsarmy.com\/wp-content\/uploads\/2017\/12\/sr-9009-150x150.jpeg 150w, https:\/\/sarmsarmy.com\/wp-content\/uploads\/2017\/12\/sr-9009-768x768.jpeg 768w\" sizes=\"(max-width: 1000px) 100vw, 1000px\" data-xooWscFly=\"fly\" \/><h2 class=\"woocommerce-loop-product__title\">SR-9009 \/ Stenabolic \/ SARM pour cutting<\/h2>\n\t<span class=\"price\"><span class=\"woocommerce-Price-amount amount\"><bdi><span class=\"woocommerce-Price-currencySymbol\">&#36;<\/span>99.99<\/bdi><\/span><\/span>\n<\/a><a href=\"\/fr\/wp-json\/wp\/v2\/pages\/12137?add-to-cart=11450\" aria-describedby=\"woocommerce_loop_add_to_cart_link_describedby_11450\" data-quantity=\"1\" class=\"button product_type_simple add_to_cart_button ajax_add_to_cart\" data-product_id=\"11450\" data-product_sku=\"SR-9009-30ml-Stenabolic-0-05584-17590-8\" aria-label=\"Ajouter au panier\u00a0: &ldquo;SR-9009 \/ Stenabolic \/ SARM pour cutting&rdquo;\" rel=\"nofollow\" data-success_message=\"\u00ab\u00a0SR-9009 \/ Stenabolic \/ SARM pour cutting\u00a0\u00bb a \u00e9t\u00e9 ajout\u00e9 \u00e0 votre panier\">Ajouter au panier<\/a>\t<span id=\"woocommerce_loop_add_to_cart_link_describedby_11450\" class=\"screen-reader-text\">\n\t\t\t<\/span>\n<\/li>\n<li class=\"product type-product post-12132 status-publish instock product_cat-sarms-fr product_tag-body-recomposition-fr-2 product_tag-canada-sarms-fr-2 product_tag-cut-fr-2 product_tag-force-fr-2 product_tag-mass-fr product_tag-muscle-building-fr-2 product_tag-muscle-gain-fr product_tag-rad-140-fr-2 product_tag-rad140-fr-2 product_tag-sarm-canada-fr-2 product_tag-sarms-quebec-fr-2 product_tag-strengh-fr-2 has-post-thumbnail sale taxable shipping-taxable purchasable product-type-simple\">\n\t<a href=\"https:\/\/sarmsarmy.com\/fr\/produit\/rad140-for-sale-canada\/\" class=\"woocommerce-LoopProduct-link woocommerce-loop-product__link\">\n\t<span class=\"onsale\">Promo!<\/span>\n\t<img decoding=\"async\" width=\"1000\" height=\"1000\" src=\"https:\/\/sarmsarmy.com\/wp-content\/uploads\/2017\/12\/rad-140.jpeg\" class=\"attachment-woocommerce_thumbnail size-woocommerce_thumbnail\" alt=\"Rad140 bottle, testolone\" srcset=\"https:\/\/sarmsarmy.com\/wp-content\/uploads\/2017\/12\/rad-140.jpeg 1000w, https:\/\/sarmsarmy.com\/wp-content\/uploads\/2017\/12\/rad-140-100x100.jpeg 100w, https:\/\/sarmsarmy.com\/wp-content\/uploads\/2017\/12\/rad-140-400x400.jpeg 400w, https:\/\/sarmsarmy.com\/wp-content\/uploads\/2017\/12\/rad-140-300x300.jpeg 300w, https:\/\/sarmsarmy.com\/wp-content\/uploads\/2017\/12\/rad-140-150x150.jpeg 150w, https:\/\/sarmsarmy.com\/wp-content\/uploads\/2017\/12\/rad-140-768x768.jpeg 768w\" sizes=\"(max-width: 1000px) 100vw, 1000px\" data-xooWscFly=\"fly\" \/><h2 class=\"woocommerce-loop-product__title\">RAD-140 \/ Testolone \/ SARM pour Bulking<\/h2><div class=\"star-rating\" role=\"img\" aria-label=\"Note 4.94 sur 5\"><span style=\"width:98.8%\">Note <strong class=\"rating\">4.94<\/strong> sur 5<\/span><\/div>\n\t<span class=\"price\"><span class=\"woocommerce-Price-amount amount\"><bdi><span class=\"woocommerce-Price-currencySymbol\">&#36;<\/span>99.99<\/bdi><\/span><\/span>\n<\/a><a href=\"\/fr\/wp-json\/wp\/v2\/pages\/12137?add-to-cart=12132\" aria-describedby=\"woocommerce_loop_add_to_cart_link_describedby_12132\" data-quantity=\"1\" class=\"button product_type_simple add_to_cart_button ajax_add_to_cart\" data-product_id=\"12132\" data-product_sku=\"RAD-140-30ml-Testolone-0-05584-15857-4\" aria-label=\"Ajouter au panier\u00a0: &ldquo;RAD-140 \/ Testolone \/ SARM pour Bulking&rdquo;\" rel=\"nofollow\" data-success_message=\"\u00ab\u00a0RAD-140 \/ Testolone \/ SARM pour Bulking\u00a0\u00bb a \u00e9t\u00e9 ajout\u00e9 \u00e0 votre panier\">Ajouter au panier<\/a>\t<span id=\"woocommerce_loop_add_to_cart_link_describedby_12132\" class=\"screen-reader-text\">\n\t\t\t<\/span>\n<\/li>\n<li class=\"product type-product post-13445 status-publish instock product_cat-sarms-fr has-post-thumbnail sale taxable shipping-taxable purchasable product-type-simple\">\n\t<a href=\"https:\/\/sarmsarmy.com\/fr\/produit\/rad-140-valeur-de-100\/\" class=\"woocommerce-LoopProduct-link woocommerce-loop-product__link\">\n\t<span class=\"onsale\">Promo!<\/span>\n\t<img decoding=\"async\" width=\"1000\" height=\"1000\" src=\"https:\/\/sarmsarmy.com\/wp-content\/uploads\/2021\/05\/rad-140.jpeg\" class=\"attachment-woocommerce_thumbnail size-woocommerce_thumbnail\" alt=\"Buy Sarms Canada | Sarms For Sale\" srcset=\"https:\/\/sarmsarmy.com\/wp-content\/uploads\/2021\/05\/rad-140.jpeg 1000w, https:\/\/sarmsarmy.com\/wp-content\/uploads\/2021\/05\/rad-140-100x100.jpeg 100w, https:\/\/sarmsarmy.com\/wp-content\/uploads\/2021\/05\/rad-140-400x400.jpeg 400w, https:\/\/sarmsarmy.com\/wp-content\/uploads\/2021\/05\/rad-140-300x300.jpeg 300w, https:\/\/sarmsarmy.com\/wp-content\/uploads\/2021\/05\/rad-140-150x150.jpeg 150w, https:\/\/sarmsarmy.com\/wp-content\/uploads\/2021\/05\/rad-140-768x768.jpeg 768w\" sizes=\"(max-width: 1000px) 100vw, 1000px\" data-xooWscFly=\"fly\" \/><h2 class=\"woocommerce-loop-product__title\">RAD-140 (valeur de 100$)<\/h2>\n\t<span class=\"price\"><span class=\"woocommerce-Price-amount amount\"><bdi><span class=\"woocommerce-Price-currencySymbol\">&#36;<\/span>99.99<\/bdi><\/span><\/span>\n<\/a><a href=\"\/fr\/wp-json\/wp\/v2\/pages\/12137?add-to-cart=13445\" aria-describedby=\"woocommerce_loop_add_to_cart_link_describedby_13445\" data-quantity=\"1\" class=\"button product_type_simple add_to_cart_button ajax_add_to_cart\" data-product_id=\"13445\" data-product_sku=\"\" aria-label=\"Ajouter au panier\u00a0: &ldquo;RAD-140 (valeur de 100$)&rdquo;\" rel=\"nofollow\" data-success_message=\"\u00ab\u00a0RAD-140 (valeur de 100$)\u00a0\u00bb a \u00e9t\u00e9 ajout\u00e9 \u00e0 votre panier\">Ajouter au panier<\/a>\t<span id=\"woocommerce_loop_add_to_cart_link_describedby_13445\" class=\"screen-reader-text\">\n\t\t\t<\/span>\n<\/li>\n<li class=\"product type-product post-12128 status-publish last instock product_cat-meilleurs-vendeurs product_cat-sarms-fr product_tag-fat-burning-fr-fr product_tag-muscle-building-fr-2 product_tag-recomposition-corporelle-fr has-post-thumbnail sale taxable shipping-taxable purchasable product-type-simple\">\n\t<a href=\"https:\/\/sarmsarmy.com\/fr\/produit\/ostarine-mk-2866-for-sale-canada\/\" class=\"woocommerce-LoopProduct-link woocommerce-loop-product__link\">\n\t<span class=\"onsale\">Promo!<\/span>\n\t<img decoding=\"async\" width=\"1000\" height=\"1000\" src=\"https:\/\/sarmsarmy.com\/wp-content\/uploads\/2017\/12\/mk-2866.jpeg\" class=\"attachment-woocommerce_thumbnail size-woocommerce_thumbnail\" alt=\"Buy Sarms Canada | Sarms For Sale\" srcset=\"https:\/\/sarmsarmy.com\/wp-content\/uploads\/2017\/12\/mk-2866.jpeg 1000w, https:\/\/sarmsarmy.com\/wp-content\/uploads\/2017\/12\/mk-2866-100x100.jpeg 100w, https:\/\/sarmsarmy.com\/wp-content\/uploads\/2017\/12\/mk-2866-400x400.jpeg 400w, https:\/\/sarmsarmy.com\/wp-content\/uploads\/2017\/12\/mk-2866-300x300.jpeg 300w, https:\/\/sarmsarmy.com\/wp-content\/uploads\/2017\/12\/mk-2866-150x150.jpeg 150w, https:\/\/sarmsarmy.com\/wp-content\/uploads\/2017\/12\/mk-2866-768x768.jpeg 768w\" sizes=\"(max-width: 1000px) 100vw, 1000px\" data-xooWscFly=\"fly\" \/><h2 class=\"woocommerce-loop-product__title\">OSTARINE \/ MK-2866 \/ SARM<\/h2><div class=\"star-rating\" role=\"img\" aria-label=\"Note 4.80 sur 5\"><span style=\"width:96%\">Note <strong class=\"rating\">4.80<\/strong> sur 5<\/span><\/div>\n\t<span class=\"price\"><span class=\"woocommerce-Price-amount amount\"><bdi><span class=\"woocommerce-Price-currencySymbol\">&#36;<\/span>99.99<\/bdi><\/span><\/span>\n<\/a><a href=\"\/fr\/wp-json\/wp\/v2\/pages\/12137?add-to-cart=12128\" aria-describedby=\"woocommerce_loop_add_to_cart_link_describedby_12128\" data-quantity=\"1\" class=\"button product_type_simple add_to_cart_button ajax_add_to_cart\" data-product_id=\"12128\" data-product_sku=\"MK-2866-30ml-Ostarine-7-25272-73070-6\" aria-label=\"Ajouter au panier\u00a0: &ldquo;OSTARINE \/ MK-2866 \/ SARM&rdquo;\" rel=\"nofollow\" data-success_message=\"\u00ab\u00a0OSTARINE \/ MK-2866 \/ SARM\u00a0\u00bb a \u00e9t\u00e9 ajout\u00e9 \u00e0 votre panier\">Ajouter au panier<\/a>\t<span id=\"woocommerce_loop_add_to_cart_link_describedby_12128\" class=\"screen-reader-text\">\n\t\t\t<\/span>\n<\/li>\n<li class=\"product type-product post-12122 status-publish first instock product_cat-meilleurs-vendeurs product_cat-sarms-fr product_tag-muscle-building-fr-2 has-post-thumbnail sale taxable shipping-taxable purchasable product-type-simple\">\n\t<a href=\"https:\/\/sarmsarmy.com\/fr\/produit\/mk-677-ibutamoren-for-sale-canada\/\" class=\"woocommerce-LoopProduct-link woocommerce-loop-product__link\">\n\t<span class=\"onsale\">Promo!<\/span>\n\t<img decoding=\"async\" width=\"1000\" height=\"1000\" src=\"https:\/\/sarmsarmy.com\/wp-content\/uploads\/2017\/12\/mk-677.jpeg\" class=\"attachment-woocommerce_thumbnail size-woocommerce_thumbnail\" alt=\"MK-677 Ibutamoren Canada\" srcset=\"https:\/\/sarmsarmy.com\/wp-content\/uploads\/2017\/12\/mk-677.jpeg 1000w, https:\/\/sarmsarmy.com\/wp-content\/uploads\/2017\/12\/mk-677-100x100.jpeg 100w, https:\/\/sarmsarmy.com\/wp-content\/uploads\/2017\/12\/mk-677-400x400.jpeg 400w, https:\/\/sarmsarmy.com\/wp-content\/uploads\/2017\/12\/mk-677-300x300.jpeg 300w, https:\/\/sarmsarmy.com\/wp-content\/uploads\/2017\/12\/mk-677-150x150.jpeg 150w, https:\/\/sarmsarmy.com\/wp-content\/uploads\/2017\/12\/mk-677-768x768.jpeg 768w\" sizes=\"(max-width: 1000px) 100vw, 1000px\" data-xooWscFly=\"fly\" \/><h2 class=\"woocommerce-loop-product__title\">MK 677 \/ Ibutamoren SARM<\/h2><div class=\"star-rating\" role=\"img\" aria-label=\"Note 5.00 sur 5\"><span style=\"width:100%\">Note <strong class=\"rating\">5.00<\/strong> sur 5<\/span><\/div>\n\t<span class=\"price\"><span class=\"woocommerce-Price-amount amount\"><bdi><span class=\"woocommerce-Price-currencySymbol\">&#36;<\/span>99.99<\/bdi><\/span><\/span>\n<\/a><a href=\"\/fr\/wp-json\/wp\/v2\/pages\/12137?add-to-cart=12122\" aria-describedby=\"woocommerce_loop_add_to_cart_link_describedby_12122\" data-quantity=\"1\" class=\"button product_type_simple add_to_cart_button ajax_add_to_cart\" data-product_id=\"12122\" data-product_sku=\"MK-677-30ml-Ibutamoren-0-05584-17600-4\" aria-label=\"Ajouter au panier\u00a0: &ldquo;MK 677 \/ Ibutamoren SARM&rdquo;\" rel=\"nofollow\" data-success_message=\"\u00ab\u00a0MK 677 \/ Ibutamoren SARM\u00a0\u00bb a \u00e9t\u00e9 ajout\u00e9 \u00e0 votre panier\">Ajouter au panier<\/a>\t<span id=\"woocommerce_loop_add_to_cart_link_describedby_12122\" class=\"screen-reader-text\">\n\t\t\t<\/span>\n<\/li>\n<li class=\"product type-product post-12131 status-publish instock product_cat-sarms-fr product_tag-muscle-building-fr-2 has-post-thumbnail sale taxable shipping-taxable purchasable product-type-simple\">\n\t<a href=\"https:\/\/sarmsarmy.com\/fr\/produit\/ligandrol-lgd-4033-for-sale-canada\/\" class=\"woocommerce-LoopProduct-link woocommerce-loop-product__link\">\n\t<span class=\"onsale\">Promo!<\/span>\n\t<img decoding=\"async\" width=\"1000\" height=\"1000\" src=\"https:\/\/sarmsarmy.com\/wp-content\/uploads\/2017\/12\/lgd-4033-1.jpeg\" class=\"attachment-woocommerce_thumbnail size-woocommerce_thumbnail\" alt=\"Lgd4033 bottle, ligandrol sarm\" srcset=\"https:\/\/sarmsarmy.com\/wp-content\/uploads\/2017\/12\/lgd-4033-1.jpeg 1000w, https:\/\/sarmsarmy.com\/wp-content\/uploads\/2017\/12\/lgd-4033-1-100x100.jpeg 100w, https:\/\/sarmsarmy.com\/wp-content\/uploads\/2017\/12\/lgd-4033-1-400x400.jpeg 400w, https:\/\/sarmsarmy.com\/wp-content\/uploads\/2017\/12\/lgd-4033-1-325x325.jpeg 325w, https:\/\/sarmsarmy.com\/wp-content\/uploads\/2017\/12\/lgd-4033-1-768x768.jpeg 768w, https:\/\/sarmsarmy.com\/wp-content\/uploads\/2017\/12\/lgd-4033-1-60x60.jpeg 60w, https:\/\/sarmsarmy.com\/wp-content\/uploads\/2017\/12\/lgd-4033-1-110x110.jpeg 110w\" sizes=\"(max-width: 1000px) 100vw, 1000px\" data-xooWscFly=\"fly\" \/><h2 class=\"woocommerce-loop-product__title\">LGD-4033 &#8211; LIGANDROL \/ SARM POUR BULKING<\/h2><div class=\"star-rating\" role=\"img\" aria-label=\"Note 5.00 sur 5\"><span style=\"width:100%\">Note <strong class=\"rating\">5.00<\/strong> sur 5<\/span><\/div>\n\t<span class=\"price\"><span class=\"woocommerce-Price-amount amount\"><bdi><span class=\"woocommerce-Price-currencySymbol\">&#36;<\/span>99.99<\/bdi><\/span><\/span>\n<\/a><a href=\"\/fr\/wp-json\/wp\/v2\/pages\/12137?add-to-cart=12131\" aria-describedby=\"woocommerce_loop_add_to_cart_link_describedby_12131\" data-quantity=\"1\" class=\"button product_type_simple add_to_cart_button ajax_add_to_cart\" data-product_id=\"12131\" data-product_sku=\"LGD-4033-30ml-Ligandrol-0-05584-15885-7\" aria-label=\"Ajouter au panier\u00a0: &ldquo;LGD-4033 - LIGANDROL \/ SARM POUR BULKING&rdquo;\" rel=\"nofollow\" data-success_message=\"\u00ab\u00a0LGD-4033 - LIGANDROL \/ SARM POUR BULKING\u00a0\u00bb a \u00e9t\u00e9 ajout\u00e9 \u00e0 votre panier\">Ajouter au panier<\/a>\t<span id=\"woocommerce_loop_add_to_cart_link_describedby_12131\" class=\"screen-reader-text\">\n\t\t\t<\/span>\n<\/li>\n<li class=\"product type-product post-12117 status-publish instock product_cat-sarms-fr product_tag-fat-burning-fr-fr has-post-thumbnail sale taxable shipping-taxable purchasable product-type-simple\">\n\t<a href=\"https:\/\/sarmsarmy.com\/fr\/produit\/gw-501516-cardarine-canada\/\" class=\"woocommerce-LoopProduct-link woocommerce-loop-product__link\">\n\t<span class=\"onsale\">Promo!<\/span>\n\t<img decoding=\"async\" width=\"1000\" height=\"1000\" src=\"https:\/\/sarmsarmy.com\/wp-content\/uploads\/2017\/12\/gw-501516-cardarine1000x1000.png\" class=\"attachment-woocommerce_thumbnail size-woocommerce_thumbnail\" alt=\"Cardarine sarm GW-501516\" srcset=\"https:\/\/sarmsarmy.com\/wp-content\/uploads\/2017\/12\/gw-501516-cardarine1000x1000.png 1000w, https:\/\/sarmsarmy.com\/wp-content\/uploads\/2017\/12\/gw-501516-cardarine1000x1000-100x100.png 100w, https:\/\/sarmsarmy.com\/wp-content\/uploads\/2017\/12\/gw-501516-cardarine1000x1000-400x400.png 400w, https:\/\/sarmsarmy.com\/wp-content\/uploads\/2017\/12\/gw-501516-cardarine1000x1000-300x300.png 300w, https:\/\/sarmsarmy.com\/wp-content\/uploads\/2017\/12\/gw-501516-cardarine1000x1000-150x150.png 150w, https:\/\/sarmsarmy.com\/wp-content\/uploads\/2017\/12\/gw-501516-cardarine1000x1000-768x768.png 768w\" sizes=\"(max-width: 1000px) 100vw, 1000px\" data-xooWscFly=\"fly\" \/><h2 class=\"woocommerce-loop-product__title\">GW-501516 \/ CARDARINE \/ SARM pour Cutting<\/h2><div class=\"star-rating\" role=\"img\" aria-label=\"Note 5.00 sur 5\"><span style=\"width:100%\">Note <strong class=\"rating\">5.00<\/strong> sur 5<\/span><\/div>\n\t<span class=\"price\"><span class=\"woocommerce-Price-amount amount\"><bdi><span class=\"woocommerce-Price-currencySymbol\">&#36;<\/span>99.99<\/bdi><\/span><\/span>\n<\/a><a href=\"\/fr\/wp-json\/wp\/v2\/pages\/12137?add-to-cart=12117\" aria-describedby=\"woocommerce_loop_add_to_cart_link_describedby_12117\" data-quantity=\"1\" class=\"button product_type_simple add_to_cart_button ajax_add_to_cart\" data-product_id=\"12117\" data-product_sku=\"GW-501515-30ml-Cardarine-0-05584-15899-4\" aria-label=\"Ajouter au panier\u00a0: &ldquo;GW-501516 \/ CARDARINE \/ SARM pour Cutting&rdquo;\" rel=\"nofollow\" data-success_message=\"\u00ab\u00a0GW-501516 \/ CARDARINE \/ SARM pour Cutting\u00a0\u00bb a \u00e9t\u00e9 ajout\u00e9 \u00e0 votre panier\">Ajouter au panier<\/a>\t<span id=\"woocommerce_loop_add_to_cart_link_describedby_12117\" class=\"screen-reader-text\">\n\t\t\t<\/span>\n<\/li>\n<li class=\"product type-product post-11481 status-publish last outofstock product_cat-sarms-fr product_tag-body-recomposition-fr-2 product_tag-cutting-fr-2 product_tag-muscle-building-fr-2 product_tag-muscle-gain-fr has-post-thumbnail sale taxable shipping-taxable purchasable product-type-simple\">\n\t<a href=\"https:\/\/sarmsarmy.com\/fr\/produit\/s4\/\" class=\"woocommerce-LoopProduct-link woocommerce-loop-product__link\">\n\t<span class=\"onsale\">Promo!<\/span>\n\t<img decoding=\"async\" width=\"1000\" height=\"1000\" src=\"https:\/\/sarmsarmy.com\/wp-content\/uploads\/2017\/12\/s4-sarms.jpeg\" class=\"attachment-woocommerce_thumbnail size-woocommerce_thumbnail\" alt=\"Buy Sarms Canada | Sarms For Sale\" srcset=\"https:\/\/sarmsarmy.com\/wp-content\/uploads\/2017\/12\/s4-sarms.jpeg 1000w, https:\/\/sarmsarmy.com\/wp-content\/uploads\/2017\/12\/s4-sarms-100x100.jpeg 100w, https:\/\/sarmsarmy.com\/wp-content\/uploads\/2017\/12\/s4-sarms-400x400.jpeg 400w, https:\/\/sarmsarmy.com\/wp-content\/uploads\/2017\/12\/s4-sarms-150x150.jpeg 150w, https:\/\/sarmsarmy.com\/wp-content\/uploads\/2017\/12\/s4-sarms-300x300.jpeg 300w, https:\/\/sarmsarmy.com\/wp-content\/uploads\/2017\/12\/s4-sarms-768x768.jpeg 768w\" sizes=\"(max-width: 1000px) 100vw, 1000px\" data-xooWscFly=\"fly\" \/><h2 class=\"woocommerce-loop-product__title\">ACHETEZ S4 | MEILLEUR S-4 SARM | SARM S-4 CANADA<\/h2>\n\t<span class=\"price\"><span class=\"woocommerce-Price-amount amount\"><bdi><span class=\"woocommerce-Price-currencySymbol\">&#36;<\/span>99.99<\/bdi><\/span><\/span>\n<\/a><a href=\"https:\/\/sarmsarmy.com\/fr\/produit\/s4\/\" aria-describedby=\"woocommerce_loop_add_to_cart_link_describedby_11481\" data-quantity=\"1\" class=\"button product_type_simple\" data-product_id=\"11481\" data-product_sku=\"S4-30ml-0-05584-15897-0\" aria-label=\"En savoir plus sur &ldquo;ACHETEZ S4 | MEILLEUR S-4 SARM | SARM S-4 CANADA&rdquo;\" rel=\"nofollow\" data-success_message=\"\">Continuer la lecture<\/a>\t<span id=\"woocommerce_loop_add_to_cart_link_describedby_11481\" class=\"screen-reader-text\">\n\t\t\t<\/span>\n<\/li>\n<\/ul>\n<\/div>\t\t\t\t<\/div>\n\t\t\t\t<\/div>\n\t\t\t\t\t<\/div>\n\t\t<\/div>\n\t\t\t\t\t<\/div>\n\t\t<\/section>\n\t\t\t\t<\/div>\n\t\t","protected":false},"excerpt":{"rendered":"<p>Achetez les meilleurs Sarms au Canada Vous cherchez les meilleurs r\u00e9sultats possibles? Magasinez notre s\u00e9lection de Sarms Stacks bas\u00e9s sur vos objectifs. \u00c9conomisez 40% sur n&rsquo;importe quel stack! Visitez notre page de Stacks. \u00a0Vous pouvez \u00e9galement cr\u00e9er votre propre stack!\u00a0 Obtenez 40% de rabais au paiement lorsque vous achetez 3 bouteilles ou plus\u00a0 + Plan [&hellip;]<\/p>\n","protected":false},"author":5,"featured_media":0,"parent":0,"menu_order":0,"comment_status":"closed","ping_status":"closed","template":"","meta":{"_acf_changed":false,"footnotes":""},"class_list":["post-12137","page","type-page","status-publish","hentry"],"acf":[],"_links":{"self":[{"href":"https:\/\/sarmsarmy.com\/fr\/wp-json\/wp\/v2\/pages\/12137","targetHints":{"allow":["GET"]}}],"collection":[{"href":"https:\/\/sarmsarmy.com\/fr\/wp-json\/wp\/v2\/pages"}],"about":[{"href":"https:\/\/sarmsarmy.com\/fr\/wp-json\/wp\/v2\/types\/page"}],"author":[{"embeddable":true,"href":"https:\/\/sarmsarmy.com\/fr\/wp-json\/wp\/v2\/users\/5"}],"replies":[{"embeddable":true,"href":"https:\/\/sarmsarmy.com\/fr\/wp-json\/wp\/v2\/comments?post=12137"}],"version-history":[{"count":0,"href":"https:\/\/sarmsarmy.com\/fr\/wp-json\/wp\/v2\/pages\/12137\/revisions"}],"wp:attachment":[{"href":"https:\/\/sarmsarmy.com\/fr\/wp-json\/wp\/v2\/media?parent=12137"}],"curies":[{"name":"wp","href":"https:\/\/api.w.org\/{rel}","templated":true}]}}