{"id":12074,"date":"2021-05-06T16:29:54","date_gmt":"2021-05-06T16:29:54","guid":{"rendered":"https:\/\/sarmsarmy.wpengine.com\/our-best-sellers\/"},"modified":"2026-04-29T10:26:07","modified_gmt":"2026-04-29T14:26:07","slug":"meilleurs-vendeurs","status":"publish","type":"page","link":"https:\/\/sarmsarmy.com\/fr\/meilleurs-vendeurs\/","title":{"rendered":"Nos meilleurs vendeurs"},"content":{"rendered":"\t\t<div data-elementor-type=\"wp-page\" data-elementor-id=\"12074\" class=\"elementor elementor-12074 elementor-11240\" data-elementor-post-type=\"page\">\n\t\t\t\t\t\t<section class=\"elementor-section elementor-top-section elementor-element elementor-element-9801fb2 elementor-section-boxed elementor-section-height-default elementor-section-height-default\" data-id=\"9801fb2\" data-element_type=\"section\" data-e-type=\"section\">\n\t\t\t\t\t\t<div class=\"elementor-container elementor-column-gap-default\">\n\t\t\t\t\t<div class=\"elementor-column elementor-col-100 elementor-top-column elementor-element elementor-element-315c4e8\" data-id=\"315c4e8\" data-element_type=\"column\" data-e-type=\"column\">\n\t\t\t<div class=\"elementor-widget-wrap elementor-element-populated\">\n\t\t\t\t\t\t<div class=\"elementor-element elementor-element-e7aa049 elementor-widget elementor-widget-heading\" data-id=\"e7aa049\" data-element_type=\"widget\" data-e-type=\"widget\" data-widget_type=\"heading.default\">\n\t\t\t\t<div class=\"elementor-widget-container\">\n\t\t\t\t\t<h1 class=\"elementor-heading-title elementor-size-default\">D\u00e9couvrez nos meilleurs vendeurs<\/h1>\t\t\t\t<\/div>\n\t\t\t\t<\/div>\n\t\t\t\t\t<\/div>\n\t\t<\/div>\n\t\t\t\t\t<\/div>\n\t\t<\/section>\n\t\t\t\t<section class=\"elementor-section elementor-top-section elementor-element elementor-element-7797119 elementor-section-boxed elementor-section-height-default elementor-section-height-default\" data-id=\"7797119\" data-element_type=\"section\" data-e-type=\"section\">\n\t\t\t\t\t\t<div class=\"elementor-container elementor-column-gap-default\">\n\t\t\t\t\t<div class=\"elementor-column elementor-col-100 elementor-top-column elementor-element elementor-element-6737c31\" data-id=\"6737c31\" data-element_type=\"column\" data-e-type=\"column\">\n\t\t\t<div class=\"elementor-widget-wrap elementor-element-populated\">\n\t\t\t\t\t\t<div class=\"elementor-element elementor-element-cf6113b elementor-product-loop-item--align-center elementor-grid-3 elementor-grid-tablet-3 elementor-grid-mobile-2 elementor-products-grid elementor-wc-products elementor-widget elementor-widget-woocommerce-products\" data-id=\"cf6113b\" data-element_type=\"widget\" data-e-type=\"widget\" data-widget_type=\"woocommerce-products.default\">\n\t\t\t\t<div class=\"elementor-widget-container\">\n\t\t\t\t\t<div class=\"woocommerce columns-3 \"><ul class=\"products elementor-grid columns-3\">\n<li class=\"product type-product post-12089 status-publish first instock product_cat-sarms-stack-fr product_cat-meilleurs-vendeurs product_tag-cut-fr-2 product_tag-endurance-fr-2 product_tag-masse-fr product_tag-recuperation-fr has-post-thumbnail sale taxable shipping-taxable purchasable product-type-simple\">\n\t<a href=\"https:\/\/sarmsarmy.com\/fr\/produit\/get-bigger\/\" class=\"woocommerce-LoopProduct-link woocommerce-loop-product__link\">\n\t<span class=\"onsale\">Promo!<\/span>\n\t<img decoding=\"async\" width=\"1000\" height=\"1000\" src=\"https:\/\/sarmsarmy.com\/wp-content\/uploads\/2020\/07\/Get_bigger_Stack_sarms_army.jpeg\" class=\"attachment-woocommerce_thumbnail size-woocommerce_thumbnail\" alt=\"Buy Sarms Canada | Sarms For Sale\" srcset=\"https:\/\/sarmsarmy.com\/wp-content\/uploads\/2020\/07\/Get_bigger_Stack_sarms_army.jpeg 1000w, https:\/\/sarmsarmy.com\/wp-content\/uploads\/2020\/07\/Get_bigger_Stack_sarms_army-100x100.jpeg 100w, https:\/\/sarmsarmy.com\/wp-content\/uploads\/2020\/07\/Get_bigger_Stack_sarms_army-400x400.jpeg 400w, https:\/\/sarmsarmy.com\/wp-content\/uploads\/2020\/07\/Get_bigger_Stack_sarms_army-300x300.jpeg 300w, https:\/\/sarmsarmy.com\/wp-content\/uploads\/2020\/07\/Get_bigger_Stack_sarms_army-150x150.jpeg 150w, https:\/\/sarmsarmy.com\/wp-content\/uploads\/2020\/07\/Get_bigger_Stack_sarms_army-768x768.jpeg 768w\" sizes=\"(max-width: 1000px) 100vw, 1000px\" data-xooWscFly=\"fly\" \/><h2 class=\"woocommerce-loop-product__title\">Get Bigger<\/h2><div class=\"star-rating\" role=\"img\" aria-label=\"Note 5.00 sur 5\"><span style=\"width:100%\">Note <strong class=\"rating\">5.00<\/strong> sur 5<\/span><\/div>\n\t<span class=\"price\"><del><span class=\"woocommerce-Price-amount amount\"><bdi><span class=\"woocommerce-Price-currencySymbol\">&#36;<\/span>209.98<\/bdi><\/span><\/del>&nbsp;<ins><span class=\"woocommerce-Price-amount amount\"><bdi><span class=\"woocommerce-Price-currencySymbol\">&#36;<\/span>125.99<\/bdi><\/span><\/ins><\/span>\n<\/a><a href=\"\/fr\/wp-json\/wp\/v2\/pages\/12074?add-to-cart=12089\" aria-describedby=\"woocommerce_loop_add_to_cart_link_describedby_12089\" data-quantity=\"1\" class=\"button product_type_simple add_to_cart_button ajax_add_to_cart\" data-product_id=\"12089\" data-product_sku=\"\" aria-label=\"Ajouter au panier\u00a0: &ldquo;Get Bigger&rdquo;\" rel=\"nofollow\" data-success_message=\"\u00ab\u00a0Get Bigger\u00a0\u00bb a \u00e9t\u00e9 ajout\u00e9 \u00e0 votre panier\">Ajouter au panier<\/a>\t<span id=\"woocommerce_loop_add_to_cart_link_describedby_12089\" class=\"screen-reader-text\">\n\t\t\t<\/span>\n<\/li>\n<li class=\"product type-product post-12092 status-publish instock product_cat-sarms-stack-fr product_cat-meilleurs-vendeurs has-post-thumbnail sale taxable shipping-taxable purchasable product-type-simple\">\n\t<a href=\"https:\/\/sarmsarmy.com\/fr\/produit\/get-ripped\/\" class=\"woocommerce-LoopProduct-link woocommerce-loop-product__link\">\n\t<span class=\"onsale\">Promo!<\/span>\n\t<img decoding=\"async\" width=\"1000\" height=\"1000\" src=\"https:\/\/sarmsarmy.com\/wp-content\/uploads\/2020\/07\/Get_Ripped_Stack_sarms_army.jpg\" class=\"attachment-woocommerce_thumbnail size-woocommerce_thumbnail\" alt=\"Buy Sarms Canada | Sarms For Sale\" srcset=\"https:\/\/sarmsarmy.com\/wp-content\/uploads\/2020\/07\/Get_Ripped_Stack_sarms_army.jpg 1000w, https:\/\/sarmsarmy.com\/wp-content\/uploads\/2020\/07\/Get_Ripped_Stack_sarms_army-100x100.jpg 100w, https:\/\/sarmsarmy.com\/wp-content\/uploads\/2020\/07\/Get_Ripped_Stack_sarms_army-400x400.jpg 400w, https:\/\/sarmsarmy.com\/wp-content\/uploads\/2020\/07\/Get_Ripped_Stack_sarms_army-300x300.jpg 300w, https:\/\/sarmsarmy.com\/wp-content\/uploads\/2020\/07\/Get_Ripped_Stack_sarms_army-150x150.jpg 150w, https:\/\/sarmsarmy.com\/wp-content\/uploads\/2020\/07\/Get_Ripped_Stack_sarms_army-768x768.jpg 768w\" sizes=\"(max-width: 1000px) 100vw, 1000px\" data-xooWscFly=\"fly\" \/><h2 class=\"woocommerce-loop-product__title\">Get Ripped<\/h2><div class=\"star-rating\" role=\"img\" aria-label=\"Note 5.00 sur 5\"><span style=\"width:100%\">Note <strong class=\"rating\">5.00<\/strong> sur 5<\/span><\/div>\n\t<span class=\"price\"><del><span class=\"woocommerce-Price-amount amount\"><bdi><span class=\"woocommerce-Price-currencySymbol\">&#36;<\/span>299.97<\/bdi><\/span><\/del>&nbsp;<ins><span class=\"woocommerce-Price-amount amount\"><bdi><span class=\"woocommerce-Price-currencySymbol\">&#36;<\/span>179.98<\/bdi><\/span><\/ins><\/span>\n<\/a><a href=\"\/fr\/wp-json\/wp\/v2\/pages\/12074?add-to-cart=12092\" aria-describedby=\"woocommerce_loop_add_to_cart_link_describedby_12092\" data-quantity=\"1\" class=\"button product_type_simple add_to_cart_button ajax_add_to_cart\" data-product_id=\"12092\" data-product_sku=\"\" aria-label=\"Ajouter au panier\u00a0: &ldquo;Get Ripped&rdquo;\" rel=\"nofollow\" data-success_message=\"\u00ab\u00a0Get Ripped\u00a0\u00bb a \u00e9t\u00e9 ajout\u00e9 \u00e0 votre panier\">Ajouter au panier<\/a>\t<span id=\"woocommerce_loop_add_to_cart_link_describedby_12092\" class=\"screen-reader-text\">\n\t\t\t<\/span>\n<\/li>\n<li class=\"product type-product post-12111 status-publish last instock product_cat-sarms-stack-fr product_cat-meilleurs-vendeurs product_tag-fat-burning-fr-fr product_tag-cut-fr-2 product_tag-endurance-fr-2 product_tag-masse-fr has-post-thumbnail sale taxable shipping-taxable purchasable product-type-simple\">\n\t<a href=\"https:\/\/sarmsarmy.com\/fr\/produit\/lean-stack\/\" class=\"woocommerce-LoopProduct-link woocommerce-loop-product__link\">\n\t<span class=\"onsale\">Promo!<\/span>\n\t<img decoding=\"async\" width=\"1000\" height=\"1000\" src=\"https:\/\/sarmsarmy.com\/wp-content\/uploads\/2019\/12\/Lean_Stack_sarms_army.jpeg\" class=\"attachment-woocommerce_thumbnail size-woocommerce_thumbnail\" alt=\"Buy Sarms Canada | Sarms For Sale\" srcset=\"https:\/\/sarmsarmy.com\/wp-content\/uploads\/2019\/12\/Lean_Stack_sarms_army.jpeg 1000w, https:\/\/sarmsarmy.com\/wp-content\/uploads\/2019\/12\/Lean_Stack_sarms_army-100x100.jpeg 100w, https:\/\/sarmsarmy.com\/wp-content\/uploads\/2019\/12\/Lean_Stack_sarms_army-400x400.jpeg 400w, https:\/\/sarmsarmy.com\/wp-content\/uploads\/2019\/12\/Lean_Stack_sarms_army-300x300.jpeg 300w, https:\/\/sarmsarmy.com\/wp-content\/uploads\/2019\/12\/Lean_Stack_sarms_army-150x150.jpeg 150w, https:\/\/sarmsarmy.com\/wp-content\/uploads\/2019\/12\/Lean_Stack_sarms_army-768x768.jpeg 768w\" sizes=\"(max-width: 1000px) 100vw, 1000px\" data-xooWscFly=\"fly\" \/><h2 class=\"woocommerce-loop-product__title\">Lean Stack<\/h2><div class=\"star-rating\" role=\"img\" aria-label=\"Note 4.67 sur 5\"><span style=\"width:93.4%\">Note <strong class=\"rating\">4.67<\/strong> sur 5<\/span><\/div>\n\t<span class=\"price\"><del><span class=\"woocommerce-Price-amount amount\"><bdi><span class=\"woocommerce-Price-currencySymbol\">&#36;<\/span>199.98<\/bdi><\/span><\/del>&nbsp;<ins><span class=\"woocommerce-Price-amount amount\"><bdi><span class=\"woocommerce-Price-currencySymbol\">&#36;<\/span>119.99<\/bdi><\/span><\/ins><\/span>\n<\/a><a href=\"\/fr\/wp-json\/wp\/v2\/pages\/12074?add-to-cart=12111\" aria-describedby=\"woocommerce_loop_add_to_cart_link_describedby_12111\" data-quantity=\"1\" class=\"button product_type_simple add_to_cart_button ajax_add_to_cart\" data-product_id=\"12111\" data-product_sku=\"\" aria-label=\"Ajouter au panier\u00a0: &ldquo;Lean Stack&rdquo;\" rel=\"nofollow\" data-success_message=\"\u00ab\u00a0Lean Stack\u00a0\u00bb a \u00e9t\u00e9 ajout\u00e9 \u00e0 votre panier\">Ajouter au panier<\/a>\t<span id=\"woocommerce_loop_add_to_cart_link_describedby_12111\" class=\"screen-reader-text\">\n\t\t\t<\/span>\n<\/li>\n<li class=\"product type-product post-12122 status-publish first instock product_cat-meilleurs-vendeurs product_cat-sarms-fr product_tag-muscle-building-fr-2 has-post-thumbnail sale taxable shipping-taxable purchasable product-type-simple\">\n\t<a href=\"https:\/\/sarmsarmy.com\/fr\/produit\/mk-677-ibutamoren-for-sale-canada\/\" class=\"woocommerce-LoopProduct-link woocommerce-loop-product__link\">\n\t<span class=\"onsale\">Promo!<\/span>\n\t<img decoding=\"async\" width=\"1000\" height=\"1000\" src=\"https:\/\/sarmsarmy.com\/wp-content\/uploads\/2017\/12\/mk-677.jpeg\" class=\"attachment-woocommerce_thumbnail size-woocommerce_thumbnail\" alt=\"MK-677 Ibutamoren Canada\" srcset=\"https:\/\/sarmsarmy.com\/wp-content\/uploads\/2017\/12\/mk-677.jpeg 1000w, https:\/\/sarmsarmy.com\/wp-content\/uploads\/2017\/12\/mk-677-100x100.jpeg 100w, https:\/\/sarmsarmy.com\/wp-content\/uploads\/2017\/12\/mk-677-400x400.jpeg 400w, https:\/\/sarmsarmy.com\/wp-content\/uploads\/2017\/12\/mk-677-300x300.jpeg 300w, https:\/\/sarmsarmy.com\/wp-content\/uploads\/2017\/12\/mk-677-150x150.jpeg 150w, https:\/\/sarmsarmy.com\/wp-content\/uploads\/2017\/12\/mk-677-768x768.jpeg 768w\" sizes=\"(max-width: 1000px) 100vw, 1000px\" data-xooWscFly=\"fly\" \/><h2 class=\"woocommerce-loop-product__title\">MK 677 \/ Ibutamoren SARM<\/h2><div class=\"star-rating\" role=\"img\" aria-label=\"Note 5.00 sur 5\"><span style=\"width:100%\">Note <strong class=\"rating\">5.00<\/strong> sur 5<\/span><\/div>\n\t<span class=\"price\"><span class=\"woocommerce-Price-amount amount\"><bdi><span class=\"woocommerce-Price-currencySymbol\">&#36;<\/span>99.99<\/bdi><\/span><\/span>\n<\/a><a href=\"\/fr\/wp-json\/wp\/v2\/pages\/12074?add-to-cart=12122\" aria-describedby=\"woocommerce_loop_add_to_cart_link_describedby_12122\" data-quantity=\"1\" class=\"button product_type_simple add_to_cart_button ajax_add_to_cart\" data-product_id=\"12122\" data-product_sku=\"MK-677-30ml-Ibutamoren-0-05584-17600-4\" aria-label=\"Ajouter au panier\u00a0: &ldquo;MK 677 \/ Ibutamoren SARM&rdquo;\" rel=\"nofollow\" data-success_message=\"\u00ab\u00a0MK 677 \/ Ibutamoren SARM\u00a0\u00bb a \u00e9t\u00e9 ajout\u00e9 \u00e0 votre panier\">Ajouter au panier<\/a>\t<span id=\"woocommerce_loop_add_to_cart_link_describedby_12122\" class=\"screen-reader-text\">\n\t\t\t<\/span>\n<\/li>\n<li class=\"product type-product post-12128 status-publish instock product_cat-meilleurs-vendeurs product_cat-sarms-fr product_tag-fat-burning-fr-fr product_tag-muscle-building-fr-2 product_tag-recomposition-corporelle-fr has-post-thumbnail sale taxable shipping-taxable purchasable product-type-simple\">\n\t<a href=\"https:\/\/sarmsarmy.com\/fr\/produit\/ostarine-mk-2866-for-sale-canada\/\" class=\"woocommerce-LoopProduct-link woocommerce-loop-product__link\">\n\t<span class=\"onsale\">Promo!<\/span>\n\t<img decoding=\"async\" width=\"1000\" height=\"1000\" src=\"https:\/\/sarmsarmy.com\/wp-content\/uploads\/2017\/12\/mk-2866.jpeg\" class=\"attachment-woocommerce_thumbnail size-woocommerce_thumbnail\" alt=\"Buy Sarms Canada | Sarms For Sale\" srcset=\"https:\/\/sarmsarmy.com\/wp-content\/uploads\/2017\/12\/mk-2866.jpeg 1000w, https:\/\/sarmsarmy.com\/wp-content\/uploads\/2017\/12\/mk-2866-100x100.jpeg 100w, https:\/\/sarmsarmy.com\/wp-content\/uploads\/2017\/12\/mk-2866-400x400.jpeg 400w, https:\/\/sarmsarmy.com\/wp-content\/uploads\/2017\/12\/mk-2866-300x300.jpeg 300w, https:\/\/sarmsarmy.com\/wp-content\/uploads\/2017\/12\/mk-2866-150x150.jpeg 150w, https:\/\/sarmsarmy.com\/wp-content\/uploads\/2017\/12\/mk-2866-768x768.jpeg 768w\" sizes=\"(max-width: 1000px) 100vw, 1000px\" data-xooWscFly=\"fly\" \/><h2 class=\"woocommerce-loop-product__title\">OSTARINE \/ MK-2866 \/ SARM<\/h2><div class=\"star-rating\" role=\"img\" aria-label=\"Note 4.80 sur 5\"><span style=\"width:96%\">Note <strong class=\"rating\">4.80<\/strong> sur 5<\/span><\/div>\n\t<span class=\"price\"><span class=\"woocommerce-Price-amount amount\"><bdi><span class=\"woocommerce-Price-currencySymbol\">&#36;<\/span>99.99<\/bdi><\/span><\/span>\n<\/a><a href=\"\/fr\/wp-json\/wp\/v2\/pages\/12074?add-to-cart=12128\" aria-describedby=\"woocommerce_loop_add_to_cart_link_describedby_12128\" data-quantity=\"1\" class=\"button product_type_simple add_to_cart_button ajax_add_to_cart\" data-product_id=\"12128\" data-product_sku=\"MK-2866-30ml-Ostarine-7-25272-73070-6\" aria-label=\"Ajouter au panier\u00a0: &ldquo;OSTARINE \/ MK-2866 \/ SARM&rdquo;\" rel=\"nofollow\" data-success_message=\"\u00ab\u00a0OSTARINE \/ MK-2866 \/ SARM\u00a0\u00bb a \u00e9t\u00e9 ajout\u00e9 \u00e0 votre panier\">Ajouter au panier<\/a>\t<span id=\"woocommerce_loop_add_to_cart_link_describedby_12128\" class=\"screen-reader-text\">\n\t\t\t<\/span>\n<\/li>\n<li class=\"product type-product post-12077 status-publish last instock product_cat-sarms-stack-fr product_cat-meilleurs-vendeurs product_tag-fat-burning-fr-fr product_tag-cut-fr-2 product_tag-endurance-fr-2 product_tag-masse-fr has-post-thumbnail sale taxable shipping-taxable purchasable product-type-simple\">\n\t<a href=\"https:\/\/sarmsarmy.com\/fr\/produit\/shredded-stack\/\" class=\"woocommerce-LoopProduct-link woocommerce-loop-product__link\">\n\t<span class=\"onsale\">Promo!<\/span>\n\t<img decoding=\"async\" width=\"1000\" height=\"1000\" src=\"https:\/\/sarmsarmy.com\/wp-content\/uploads\/2020\/07\/Shredded_Stack_sarms_army.jpg\" class=\"attachment-woocommerce_thumbnail size-woocommerce_thumbnail\" alt=\"Buy Sarms Canada | Sarms For Sale\" srcset=\"https:\/\/sarmsarmy.com\/wp-content\/uploads\/2020\/07\/Shredded_Stack_sarms_army.jpg 1000w, https:\/\/sarmsarmy.com\/wp-content\/uploads\/2020\/07\/Shredded_Stack_sarms_army-100x100.jpg 100w, https:\/\/sarmsarmy.com\/wp-content\/uploads\/2020\/07\/Shredded_Stack_sarms_army-400x400.jpg 400w, https:\/\/sarmsarmy.com\/wp-content\/uploads\/2020\/07\/Shredded_Stack_sarms_army-300x300.jpg 300w, https:\/\/sarmsarmy.com\/wp-content\/uploads\/2020\/07\/Shredded_Stack_sarms_army-150x150.jpg 150w, https:\/\/sarmsarmy.com\/wp-content\/uploads\/2020\/07\/Shredded_Stack_sarms_army-768x768.jpg 768w\" sizes=\"(max-width: 1000px) 100vw, 1000px\" data-xooWscFly=\"fly\" \/><h2 class=\"woocommerce-loop-product__title\">Shredded<\/h2><div class=\"star-rating\" role=\"img\" aria-label=\"Note 4.67 sur 5\"><span style=\"width:93.4%\">Note <strong class=\"rating\">4.67<\/strong> sur 5<\/span><\/div>\n\t<span class=\"price\"><span class=\"woocommerce-Price-amount amount\"><bdi><span class=\"woocommerce-Price-currencySymbol\">&#36;<\/span>299.97<\/bdi><\/span><\/span>\n<\/a><a href=\"\/fr\/wp-json\/wp\/v2\/pages\/12074?add-to-cart=12077\" aria-describedby=\"woocommerce_loop_add_to_cart_link_describedby_12077\" data-quantity=\"1\" class=\"button product_type_simple add_to_cart_button ajax_add_to_cart\" data-product_id=\"12077\" data-product_sku=\"\" aria-label=\"Ajouter au panier\u00a0: &ldquo;Shredded&rdquo;\" rel=\"nofollow\" data-success_message=\"\u00ab\u00a0Shredded\u00a0\u00bb a \u00e9t\u00e9 ajout\u00e9 \u00e0 votre panier\">Ajouter au panier<\/a>\t<span id=\"woocommerce_loop_add_to_cart_link_describedby_12077\" class=\"screen-reader-text\">\n\t\t\t<\/span>\n<\/li>\n<\/ul>\n<\/div>\t\t\t\t<\/div>\n\t\t\t\t<\/div>\n\t\t\t\t\t<\/div>\n\t\t<\/div>\n\t\t\t\t\t<\/div>\n\t\t<\/section>\n\t\t\t\t<\/div>\n\t\t","protected":false},"excerpt":{"rendered":"<p>D\u00e9couvrez nos meilleurs vendeurs<\/p>\n","protected":false},"author":5,"featured_media":0,"parent":0,"menu_order":0,"comment_status":"closed","ping_status":"closed","template":"","meta":{"_acf_changed":false,"footnotes":""},"class_list":["post-12074","page","type-page","status-publish","hentry"],"acf":[],"_links":{"self":[{"href":"https:\/\/sarmsarmy.com\/fr\/wp-json\/wp\/v2\/pages\/12074","targetHints":{"allow":["GET"]}}],"collection":[{"href":"https:\/\/sarmsarmy.com\/fr\/wp-json\/wp\/v2\/pages"}],"about":[{"href":"https:\/\/sarmsarmy.com\/fr\/wp-json\/wp\/v2\/types\/page"}],"author":[{"embeddable":true,"href":"https:\/\/sarmsarmy.com\/fr\/wp-json\/wp\/v2\/users\/5"}],"replies":[{"embeddable":true,"href":"https:\/\/sarmsarmy.com\/fr\/wp-json\/wp\/v2\/comments?post=12074"}],"version-history":[{"count":1,"href":"https:\/\/sarmsarmy.com\/fr\/wp-json\/wp\/v2\/pages\/12074\/revisions"}],"predecessor-version":[{"id":14795,"href":"https:\/\/sarmsarmy.com\/fr\/wp-json\/wp\/v2\/pages\/12074\/revisions\/14795"}],"wp:attachment":[{"href":"https:\/\/sarmsarmy.com\/fr\/wp-json\/wp\/v2\/media?parent=12074"}],"curies":[{"name":"wp","href":"https:\/\/api.w.org\/{rel}","templated":true}]}}